{"id":206,"date":"2023-08-02T17:03:21","date_gmt":"2023-08-02T20:03:21","guid":{"rendered":"https:\/\/assai.com.br\/adegaassai\/vinhos-para-seu-negocio\/para-seu-negocio\/?page_id=206"},"modified":"2024-07-12T13:44:02","modified_gmt":"2024-07-12T16:44:02","slug":"harmonizacao","status":"publish","type":"page","link":"https:\/\/www.assai.com.br\/adegaassai\/vinhos-para-seu-negocio\/harmonizacao\/","title":{"rendered":"Harmoniza\u00e7\u00e3o"},"content":{"rendered":"<h2>Como harmonizar v\u00e1rios tipos de pratos<\/h2>\n","protected":false},"excerpt":{"rendered":"<p>Como harmonizar v\u00e1rios tipos de pratos<\/p>\n","protected":false},"author":1,"featured_media":0,"parent":0,"menu_order":0,"comment_status":"closed","ping_status":"closed","template":"page-harmonizacao.php","meta":{"_acf_changed":false,"footnotes":""},"class_list":["post-206","page","type-page","status-publish","hentry"],"acf":{"photo_gallery":{"banners_desktop":[[{"id":430,"title":"harmoniza\u00e7\u00e3o","caption":"","full_image_url":"https:\/\/www.assai.com.br\/adegaassai\/vinhos-para-seu-negocio\/wp-content\/uploads\/2023\/08\/harmonizacao.jpg","thumbnail_image_url":"https:\/\/www.assai.com.br\/adegaassai\/vinhos-para-seu-negocio\/wp-content\/uploads\/2023\/08\/harmonizacao-150x150.jpg","large_srcset":"https:\/\/www.assai.com.br\/adegaassai\/vinhos-para-seu-negocio\/wp-content\/uploads\/2023\/08\/harmonizacao-1024x123.jpg 1024w, https:\/\/www.assai.com.br\/adegaassai\/vinhos-para-seu-negocio\/wp-content\/uploads\/2023\/08\/harmonizacao-300x36.jpg 300w, https:\/\/www.assai.com.br\/adegaassai\/vinhos-para-seu-negocio\/wp-content\/uploads\/2023\/08\/harmonizacao-768x92.jpg 768w, https:\/\/www.assai.com.br\/adegaassai\/vinhos-para-seu-negocio\/wp-content\/uploads\/2023\/08\/harmonizacao-1536x184.jpg 1536w, https:\/\/www.assai.com.br\/adegaassai\/vinhos-para-seu-negocio\/wp-content\/uploads\/2023\/08\/harmonizacao.jpg 1920w","medium_srcset":"https:\/\/www.assai.com.br\/adegaassai\/vinhos-para-seu-negocio\/wp-content\/uploads\/2023\/08\/harmonizacao-300x36.jpg 300w, https:\/\/www.assai.com.br\/adegaassai\/vinhos-para-seu-negocio\/wp-content\/uploads\/2023\/08\/harmonizacao-1024x123.jpg 1024w, https:\/\/www.assai.com.br\/adegaassai\/vinhos-para-seu-negocio\/wp-content\/uploads\/2023\/08\/harmonizacao-768x92.jpg 768w, https:\/\/www.assai.com.br\/adegaassai\/vinhos-para-seu-negocio\/wp-content\/uploads\/2023\/08\/harmonizacao-1536x184.jpg 1536w, https:\/\/www.assai.com.br\/adegaassai\/vinhos-para-seu-negocio\/wp-content\/uploads\/2023\/08\/harmonizacao.jpg 1920w","media_details":{"width":1920,"height":230,"sizes":{"medium":{"file":"harmonizacao-300x36.jpg","width":300,"height":36,"mime-type":"image\/jpeg","filesize":6077,"source_url":"https:\/\/www.assai.com.br\/adegaassai\/vinhos-para-seu-negocio\/wp-content\/uploads\/2023\/08\/harmonizacao-300x36.jpg"},"large":{"file":"harmonizacao-1024x123.jpg","width":1024,"height":123,"mime-type":"image\/jpeg","filesize":40305,"source_url":"https:\/\/www.assai.com.br\/adegaassai\/vinhos-para-seu-negocio\/wp-content\/uploads\/2023\/08\/harmonizacao-1024x123.jpg"},"thumbnail":{"file":"harmonizacao-150x150.jpg","width":150,"height":150,"mime-type":"image\/jpeg","filesize":7213,"source_url":"https:\/\/www.assai.com.br\/adegaassai\/vinhos-para-seu-negocio\/wp-content\/uploads\/2023\/08\/harmonizacao-150x150.jpg"},"medium_large":{"file":"harmonizacao-768x92.jpg","width":768,"height":92,"mime-type":"image\/jpeg","filesize":24975,"source_url":"https:\/\/www.assai.com.br\/adegaassai\/vinhos-para-seu-negocio\/wp-content\/uploads\/2023\/08\/harmonizacao-768x92.jpg"},"1536x1536":{"file":"harmonizacao-1536x184.jpg","width":1536,"height":184,"mime-type":"image\/jpeg","filesize":79278,"source_url":"https:\/\/www.assai.com.br\/adegaassai\/vinhos-para-seu-negocio\/wp-content\/uploads\/2023\/08\/harmonizacao-1536x184.jpg"},"destaque-noticia":{"file":"harmonizacao-540x230.jpg","width":540,"height":230,"mime-type":"image\/jpeg","filesize":35383,"source_url":"https:\/\/www.assai.com.br\/adegaassai\/vinhos-para-seu-negocio\/wp-content\/uploads\/2023\/08\/harmonizacao-540x230.jpg"},"thumb-noticia":{"file":"harmonizacao-485x230.jpg","width":485,"height":230,"mime-type":"image\/jpeg","filesize":31622,"source_url":"https:\/\/www.assai.com.br\/adegaassai\/vinhos-para-seu-negocio\/wp-content\/uploads\/2023\/08\/harmonizacao-485x230.jpg"},"carrossel":{"file":"harmonizacao-670x230.jpg","width":670,"height":230,"mime-type":"image\/jpeg","filesize":44328,"source_url":"https:\/\/www.assai.com.br\/adegaassai\/vinhos-para-seu-negocio\/wp-content\/uploads\/2023\/08\/harmonizacao-670x230.jpg"},"quadrado":{"file":"harmonizacao-700x230.jpg","width":700,"height":230,"mime-type":"image\/jpeg","filesize":46328,"source_url":"https:\/\/www.assai.com.br\/adegaassai\/vinhos-para-seu-negocio\/wp-content\/uploads\/2023\/08\/harmonizacao-700x230.jpg"},"garrafa":{"file":"harmonizacao-76x230.jpg","width":76,"height":230,"mime-type":"image\/jpeg","filesize":5654,"source_url":"https:\/\/www.assai.com.br\/adegaassai\/vinhos-para-seu-negocio\/wp-content\/uploads\/2023\/08\/harmonizacao-76x230.jpg"}}},"alt_text":"","url":"","target":""}]],"banners_mobile":[[{"id":430,"title":"harmoniza\u00e7\u00e3o","caption":"","full_image_url":"https:\/\/www.assai.com.br\/adegaassai\/vinhos-para-seu-negocio\/wp-content\/uploads\/2023\/08\/harmonizacao.jpg","thumbnail_image_url":"https:\/\/www.assai.com.br\/adegaassai\/vinhos-para-seu-negocio\/wp-content\/uploads\/2023\/08\/harmonizacao-150x150.jpg","large_srcset":"https:\/\/www.assai.com.br\/adegaassai\/vinhos-para-seu-negocio\/wp-content\/uploads\/2023\/08\/harmonizacao-1024x123.jpg 1024w, https:\/\/www.assai.com.br\/adegaassai\/vinhos-para-seu-negocio\/wp-content\/uploads\/2023\/08\/harmonizacao-300x36.jpg 300w, https:\/\/www.assai.com.br\/adegaassai\/vinhos-para-seu-negocio\/wp-content\/uploads\/2023\/08\/harmonizacao-768x92.jpg 768w, https:\/\/www.assai.com.br\/adegaassai\/vinhos-para-seu-negocio\/wp-content\/uploads\/2023\/08\/harmonizacao-1536x184.jpg 1536w, https:\/\/www.assai.com.br\/adegaassai\/vinhos-para-seu-negocio\/wp-content\/uploads\/2023\/08\/harmonizacao.jpg 1920w","medium_srcset":"https:\/\/www.assai.com.br\/adegaassai\/vinhos-para-seu-negocio\/wp-content\/uploads\/2023\/08\/harmonizacao-300x36.jpg 300w, https:\/\/www.assai.com.br\/adegaassai\/vinhos-para-seu-negocio\/wp-content\/uploads\/2023\/08\/harmonizacao-1024x123.jpg 1024w, https:\/\/www.assai.com.br\/adegaassai\/vinhos-para-seu-negocio\/wp-content\/uploads\/2023\/08\/harmonizacao-768x92.jpg 768w, https:\/\/www.assai.com.br\/adegaassai\/vinhos-para-seu-negocio\/wp-content\/uploads\/2023\/08\/harmonizacao-1536x184.jpg 1536w, https:\/\/www.assai.com.br\/adegaassai\/vinhos-para-seu-negocio\/wp-content\/uploads\/2023\/08\/harmonizacao.jpg 1920w","media_details":{"width":1920,"height":230,"sizes":{"medium":{"file":"harmonizacao-300x36.jpg","width":300,"height":36,"mime-type":"image\/jpeg","filesize":6077,"source_url":"https:\/\/www.assai.com.br\/adegaassai\/vinhos-para-seu-negocio\/wp-content\/uploads\/2023\/08\/harmonizacao-300x36.jpg"},"large":{"file":"harmonizacao-1024x123.jpg","width":1024,"height":123,"mime-type":"image\/jpeg","filesize":40305,"source_url":"https:\/\/www.assai.com.br\/adegaassai\/vinhos-para-seu-negocio\/wp-content\/uploads\/2023\/08\/harmonizacao-1024x123.jpg"},"thumbnail":{"file":"harmonizacao-150x150.jpg","width":150,"height":150,"mime-type":"image\/jpeg","filesize":7213,"source_url":"https:\/\/www.assai.com.br\/adegaassai\/vinhos-para-seu-negocio\/wp-content\/uploads\/2023\/08\/harmonizacao-150x150.jpg"},"medium_large":{"file":"harmonizacao-768x92.jpg","width":768,"height":92,"mime-type":"image\/jpeg","filesize":24975,"source_url":"https:\/\/www.assai.com.br\/adegaassai\/vinhos-para-seu-negocio\/wp-content\/uploads\/2023\/08\/harmonizacao-768x92.jpg"},"1536x1536":{"file":"harmonizacao-1536x184.jpg","width":1536,"height":184,"mime-type":"image\/jpeg","filesize":79278,"source_url":"https:\/\/www.assai.com.br\/adegaassai\/vinhos-para-seu-negocio\/wp-content\/uploads\/2023\/08\/harmonizacao-1536x184.jpg"},"destaque-noticia":{"file":"harmonizacao-540x230.jpg","width":540,"height":230,"mime-type":"image\/jpeg","filesize":35383,"source_url":"https:\/\/www.assai.com.br\/adegaassai\/vinhos-para-seu-negocio\/wp-content\/uploads\/2023\/08\/harmonizacao-540x230.jpg"},"thumb-noticia":{"file":"harmonizacao-485x230.jpg","width":485,"height":230,"mime-type":"image\/jpeg","filesize":31622,"source_url":"https:\/\/www.assai.com.br\/adegaassai\/vinhos-para-seu-negocio\/wp-content\/uploads\/2023\/08\/harmonizacao-485x230.jpg"},"carrossel":{"file":"harmonizacao-670x230.jpg","width":670,"height":230,"mime-type":"image\/jpeg","filesize":44328,"source_url":"https:\/\/www.assai.com.br\/adegaassai\/vinhos-para-seu-negocio\/wp-content\/uploads\/2023\/08\/harmonizacao-670x230.jpg"},"quadrado":{"file":"harmonizacao-700x230.jpg","width":700,"height":230,"mime-type":"image\/jpeg","filesize":46328,"source_url":"https:\/\/www.assai.com.br\/adegaassai\/vinhos-para-seu-negocio\/wp-content\/uploads\/2023\/08\/harmonizacao-700x230.jpg"},"garrafa":{"file":"harmonizacao-76x230.jpg","width":76,"height":230,"mime-type":"image\/jpeg","filesize":5654,"source_url":"https:\/\/www.assai.com.br\/adegaassai\/vinhos-para-seu-negocio\/wp-content\/uploads\/2023\/08\/harmonizacao-76x230.jpg"}}},"alt_text":"","url":"","target":""}],[{"id":133,"title":"v3","caption":"","full_image_url":"https:\/\/www.assai.com.br\/adegaassai\/vinhos-para-seu-negocio\/wp-content\/uploads\/2023\/07\/v3.jpg","thumbnail_image_url":"https:\/\/www.assai.com.br\/adegaassai\/vinhos-para-seu-negocio\/wp-content\/uploads\/2023\/07\/v3-150x150.jpg","large_srcset":"https:\/\/www.assai.com.br\/adegaassai\/vinhos-para-seu-negocio\/wp-content\/uploads\/2023\/07\/v3.jpg 699w, https:\/\/www.assai.com.br\/adegaassai\/vinhos-para-seu-negocio\/wp-content\/uploads\/2023\/07\/v3-300x181.jpg 300w","medium_srcset":"https:\/\/www.assai.com.br\/adegaassai\/vinhos-para-seu-negocio\/wp-content\/uploads\/2023\/07\/v3-300x181.jpg 300w, https:\/\/www.assai.com.br\/adegaassai\/vinhos-para-seu-negocio\/wp-content\/uploads\/2023\/07\/v3.jpg 699w","media_details":{"width":699,"height":422,"sizes":{"medium":{"file":"v3-300x181.jpg","width":300,"height":181,"mime-type":"image\/jpeg","filesize":14148,"source_url":"https:\/\/www.assai.com.br\/adegaassai\/vinhos-para-seu-negocio\/wp-content\/uploads\/2023\/07\/v3-300x181.jpg"},"thumbnail":{"file":"v3-150x150.jpg","width":150,"height":150,"mime-type":"image\/jpeg","filesize":6854,"source_url":"https:\/\/www.assai.com.br\/adegaassai\/vinhos-para-seu-negocio\/wp-content\/uploads\/2023\/07\/v3-150x150.jpg"},"destaque-noticia":{"file":"v3-540x345.jpg","width":540,"height":345,"mime-type":"image\/jpeg","filesize":36887,"source_url":"https:\/\/www.assai.com.br\/adegaassai\/vinhos-para-seu-negocio\/wp-content\/uploads\/2023\/07\/v3-540x345.jpg"},"thumb-noticia":{"file":"v3-485x329.jpg","width":485,"height":329,"mime-type":"image\/jpeg","filesize":32381,"source_url":"https:\/\/www.assai.com.br\/adegaassai\/vinhos-para-seu-negocio\/wp-content\/uploads\/2023\/07\/v3-485x329.jpg"},"carrossel":{"file":"v3-670x420.jpg","width":670,"height":420,"mime-type":"image\/jpeg","filesize":50417,"source_url":"https:\/\/www.assai.com.br\/adegaassai\/vinhos-para-seu-negocio\/wp-content\/uploads\/2023\/07\/v3-670x420.jpg"},"thumb-triplo-home":{"file":"v3-353x234.jpg","width":353,"height":234,"mime-type":"image\/jpeg","filesize":19614,"source_url":"https:\/\/www.assai.com.br\/adegaassai\/vinhos-para-seu-negocio\/wp-content\/uploads\/2023\/07\/v3-353x234.jpg"},"revistas":{"file":"v3-660x422.jpg","width":660,"height":422,"mime-type":"image\/jpeg","filesize":52320,"source_url":"https:\/\/www.assai.com.br\/adegaassai\/vinhos-para-seu-negocio\/wp-content\/uploads\/2023\/07\/v3-660x422.jpg"}}},"alt_text":"","url":"","target":""}]]}},"_links":{"self":[{"href":"https:\/\/www.assai.com.br\/adegaassai\/vinhos-para-seu-negocio\/wp-json\/wp\/v2\/pages\/206","targetHints":{"allow":["GET"]}}],"collection":[{"href":"https:\/\/www.assai.com.br\/adegaassai\/vinhos-para-seu-negocio\/wp-json\/wp\/v2\/pages"}],"about":[{"href":"https:\/\/www.assai.com.br\/adegaassai\/vinhos-para-seu-negocio\/wp-json\/wp\/v2\/types\/page"}],"author":[{"embeddable":true,"href":"https:\/\/www.assai.com.br\/adegaassai\/vinhos-para-seu-negocio\/wp-json\/wp\/v2\/users\/1"}],"replies":[{"embeddable":true,"href":"https:\/\/www.assai.com.br\/adegaassai\/vinhos-para-seu-negocio\/wp-json\/wp\/v2\/comments?post=206"}],"version-history":[{"count":4,"href":"https:\/\/www.assai.com.br\/adegaassai\/vinhos-para-seu-negocio\/wp-json\/wp\/v2\/pages\/206\/revisions"}],"predecessor-version":[{"id":851,"href":"https:\/\/www.assai.com.br\/adegaassai\/vinhos-para-seu-negocio\/wp-json\/wp\/v2\/pages\/206\/revisions\/851"}],"wp:attachment":[{"href":"https:\/\/www.assai.com.br\/adegaassai\/vinhos-para-seu-negocio\/wp-json\/wp\/v2\/media?parent=206"}],"curies":[{"name":"wp","href":"https:\/\/api.w.org\/{rel}","templated":true}]}}