{"id":16,"date":"2023-07-21T12:00:12","date_gmt":"2023-07-21T15:00:12","guid":{"rendered":"https:\/\/assai.com.br\/adegaassai\/vinhos-para-seu-negocio\/para-seu-negocio\/?page_id=16"},"modified":"2023-10-30T17:32:28","modified_gmt":"2023-10-30T20:32:28","slug":"selecao-assai","status":"publish","type":"page","link":"https:\/\/www.assai.com.br\/adegaassai\/vinhos-para-seu-negocio\/selecao-assai\/","title":{"rendered":"Sele\u00e7\u00e3o Assa\u00ed"},"content":{"rendered":"<h2>Uma curadoria dos melhores r\u00f3tulos feita pelo time de especialistas do Assa\u00ed<\/h2>\n","protected":false},"excerpt":{"rendered":"<p>Uma curadoria dos melhores r\u00f3tulos feita pelo time de especialistas do Assa\u00ed<\/p>\n","protected":false},"author":1,"featured_media":0,"parent":0,"menu_order":0,"comment_status":"closed","ping_status":"closed","template":"page-selecao.php","meta":{"_acf_changed":false,"footnotes":""},"class_list":["post-16","page","type-page","status-publish","hentry"],"acf":{"photo_gallery":{"banners_desktop":[[{"id":433,"title":"sele\u00e7\u00e3o-assai","caption":"","full_image_url":"https:\/\/www.assai.com.br\/adegaassai\/vinhos-para-seu-negocio\/wp-content\/uploads\/2023\/08\/selecao-assai.jpg","thumbnail_image_url":"https:\/\/www.assai.com.br\/adegaassai\/vinhos-para-seu-negocio\/wp-content\/uploads\/2023\/08\/selecao-assai-150x150.jpg","large_srcset":"https:\/\/www.assai.com.br\/adegaassai\/vinhos-para-seu-negocio\/wp-content\/uploads\/2023\/08\/selecao-assai-1024x123.jpg 1024w, https:\/\/www.assai.com.br\/adegaassai\/vinhos-para-seu-negocio\/wp-content\/uploads\/2023\/08\/selecao-assai-300x36.jpg 300w, https:\/\/www.assai.com.br\/adegaassai\/vinhos-para-seu-negocio\/wp-content\/uploads\/2023\/08\/selecao-assai-768x92.jpg 768w, https:\/\/www.assai.com.br\/adegaassai\/vinhos-para-seu-negocio\/wp-content\/uploads\/2023\/08\/selecao-assai-1536x184.jpg 1536w, https:\/\/www.assai.com.br\/adegaassai\/vinhos-para-seu-negocio\/wp-content\/uploads\/2023\/08\/selecao-assai.jpg 1920w","medium_srcset":"https:\/\/www.assai.com.br\/adegaassai\/vinhos-para-seu-negocio\/wp-content\/uploads\/2023\/08\/selecao-assai-300x36.jpg 300w, https:\/\/www.assai.com.br\/adegaassai\/vinhos-para-seu-negocio\/wp-content\/uploads\/2023\/08\/selecao-assai-1024x123.jpg 1024w, https:\/\/www.assai.com.br\/adegaassai\/vinhos-para-seu-negocio\/wp-content\/uploads\/2023\/08\/selecao-assai-768x92.jpg 768w, https:\/\/www.assai.com.br\/adegaassai\/vinhos-para-seu-negocio\/wp-content\/uploads\/2023\/08\/selecao-assai-1536x184.jpg 1536w, https:\/\/www.assai.com.br\/adegaassai\/vinhos-para-seu-negocio\/wp-content\/uploads\/2023\/08\/selecao-assai.jpg 1920w","media_details":{"width":1920,"height":230,"sizes":{"medium":{"file":"selecao-assai-300x36.jpg","width":300,"height":36,"mime-type":"image\/jpeg","filesize":5362,"source_url":"https:\/\/www.assai.com.br\/adegaassai\/vinhos-para-seu-negocio\/wp-content\/uploads\/2023\/08\/selecao-assai-300x36.jpg"},"large":{"file":"selecao-assai-1024x123.jpg","width":1024,"height":123,"mime-type":"image\/jpeg","filesize":33090,"source_url":"https:\/\/www.assai.com.br\/adegaassai\/vinhos-para-seu-negocio\/wp-content\/uploads\/2023\/08\/selecao-assai-1024x123.jpg"},"thumbnail":{"file":"selecao-assai-150x150.jpg","width":150,"height":150,"mime-type":"image\/jpeg","filesize":5994,"source_url":"https:\/\/www.assai.com.br\/adegaassai\/vinhos-para-seu-negocio\/wp-content\/uploads\/2023\/08\/selecao-assai-150x150.jpg"},"medium_large":{"file":"selecao-assai-768x92.jpg","width":768,"height":92,"mime-type":"image\/jpeg","filesize":20733,"source_url":"https:\/\/www.assai.com.br\/adegaassai\/vinhos-para-seu-negocio\/wp-content\/uploads\/2023\/08\/selecao-assai-768x92.jpg"},"1536x1536":{"file":"selecao-assai-1536x184.jpg","width":1536,"height":184,"mime-type":"image\/jpeg","filesize":63234,"source_url":"https:\/\/www.assai.com.br\/adegaassai\/vinhos-para-seu-negocio\/wp-content\/uploads\/2023\/08\/selecao-assai-1536x184.jpg"},"destaque-noticia":{"file":"selecao-assai-540x230.jpg","width":540,"height":230,"mime-type":"image\/jpeg","filesize":32001,"source_url":"https:\/\/www.assai.com.br\/adegaassai\/vinhos-para-seu-negocio\/wp-content\/uploads\/2023\/08\/selecao-assai-540x230.jpg"},"thumb-noticia":{"file":"selecao-assai-485x230.jpg","width":485,"height":230,"mime-type":"image\/jpeg","filesize":28849,"source_url":"https:\/\/www.assai.com.br\/adegaassai\/vinhos-para-seu-negocio\/wp-content\/uploads\/2023\/08\/selecao-assai-485x230.jpg"},"carrossel":{"file":"selecao-assai-670x230.jpg","width":670,"height":230,"mime-type":"image\/jpeg","filesize":38349,"source_url":"https:\/\/www.assai.com.br\/adegaassai\/vinhos-para-seu-negocio\/wp-content\/uploads\/2023\/08\/selecao-assai-670x230.jpg"},"quadrado":{"file":"selecao-assai-700x230.jpg","width":700,"height":230,"mime-type":"image\/jpeg","filesize":40106,"source_url":"https:\/\/www.assai.com.br\/adegaassai\/vinhos-para-seu-negocio\/wp-content\/uploads\/2023\/08\/selecao-assai-700x230.jpg"},"garrafa":{"file":"selecao-assai-76x230.jpg","width":76,"height":230,"mime-type":"image\/jpeg","filesize":5013,"source_url":"https:\/\/www.assai.com.br\/adegaassai\/vinhos-para-seu-negocio\/wp-content\/uploads\/2023\/08\/selecao-assai-76x230.jpg"}}},"alt_text":"","url":"","target":""}]],"banners_mobile":[[{"id":433,"title":"sele\u00e7\u00e3o-assai","caption":"","full_image_url":"https:\/\/www.assai.com.br\/adegaassai\/vinhos-para-seu-negocio\/wp-content\/uploads\/2023\/08\/selecao-assai.jpg","thumbnail_image_url":"https:\/\/www.assai.com.br\/adegaassai\/vinhos-para-seu-negocio\/wp-content\/uploads\/2023\/08\/selecao-assai-150x150.jpg","large_srcset":"https:\/\/www.assai.com.br\/adegaassai\/vinhos-para-seu-negocio\/wp-content\/uploads\/2023\/08\/selecao-assai-1024x123.jpg 1024w, https:\/\/www.assai.com.br\/adegaassai\/vinhos-para-seu-negocio\/wp-content\/uploads\/2023\/08\/selecao-assai-300x36.jpg 300w, https:\/\/www.assai.com.br\/adegaassai\/vinhos-para-seu-negocio\/wp-content\/uploads\/2023\/08\/selecao-assai-768x92.jpg 768w, https:\/\/www.assai.com.br\/adegaassai\/vinhos-para-seu-negocio\/wp-content\/uploads\/2023\/08\/selecao-assai-1536x184.jpg 1536w, https:\/\/www.assai.com.br\/adegaassai\/vinhos-para-seu-negocio\/wp-content\/uploads\/2023\/08\/selecao-assai.jpg 1920w","medium_srcset":"https:\/\/www.assai.com.br\/adegaassai\/vinhos-para-seu-negocio\/wp-content\/uploads\/2023\/08\/selecao-assai-300x36.jpg 300w, https:\/\/www.assai.com.br\/adegaassai\/vinhos-para-seu-negocio\/wp-content\/uploads\/2023\/08\/selecao-assai-1024x123.jpg 1024w, https:\/\/www.assai.com.br\/adegaassai\/vinhos-para-seu-negocio\/wp-content\/uploads\/2023\/08\/selecao-assai-768x92.jpg 768w, https:\/\/www.assai.com.br\/adegaassai\/vinhos-para-seu-negocio\/wp-content\/uploads\/2023\/08\/selecao-assai-1536x184.jpg 1536w, https:\/\/www.assai.com.br\/adegaassai\/vinhos-para-seu-negocio\/wp-content\/uploads\/2023\/08\/selecao-assai.jpg 1920w","media_details":{"width":1920,"height":230,"sizes":{"medium":{"file":"selecao-assai-300x36.jpg","width":300,"height":36,"mime-type":"image\/jpeg","filesize":5362,"source_url":"https:\/\/www.assai.com.br\/adegaassai\/vinhos-para-seu-negocio\/wp-content\/uploads\/2023\/08\/selecao-assai-300x36.jpg"},"large":{"file":"selecao-assai-1024x123.jpg","width":1024,"height":123,"mime-type":"image\/jpeg","filesize":33090,"source_url":"https:\/\/www.assai.com.br\/adegaassai\/vinhos-para-seu-negocio\/wp-content\/uploads\/2023\/08\/selecao-assai-1024x123.jpg"},"thumbnail":{"file":"selecao-assai-150x150.jpg","width":150,"height":150,"mime-type":"image\/jpeg","filesize":5994,"source_url":"https:\/\/www.assai.com.br\/adegaassai\/vinhos-para-seu-negocio\/wp-content\/uploads\/2023\/08\/selecao-assai-150x150.jpg"},"medium_large":{"file":"selecao-assai-768x92.jpg","width":768,"height":92,"mime-type":"image\/jpeg","filesize":20733,"source_url":"https:\/\/www.assai.com.br\/adegaassai\/vinhos-para-seu-negocio\/wp-content\/uploads\/2023\/08\/selecao-assai-768x92.jpg"},"1536x1536":{"file":"selecao-assai-1536x184.jpg","width":1536,"height":184,"mime-type":"image\/jpeg","filesize":63234,"source_url":"https:\/\/www.assai.com.br\/adegaassai\/vinhos-para-seu-negocio\/wp-content\/uploads\/2023\/08\/selecao-assai-1536x184.jpg"},"destaque-noticia":{"file":"selecao-assai-540x230.jpg","width":540,"height":230,"mime-type":"image\/jpeg","filesize":32001,"source_url":"https:\/\/www.assai.com.br\/adegaassai\/vinhos-para-seu-negocio\/wp-content\/uploads\/2023\/08\/selecao-assai-540x230.jpg"},"thumb-noticia":{"file":"selecao-assai-485x230.jpg","width":485,"height":230,"mime-type":"image\/jpeg","filesize":28849,"source_url":"https:\/\/www.assai.com.br\/adegaassai\/vinhos-para-seu-negocio\/wp-content\/uploads\/2023\/08\/selecao-assai-485x230.jpg"},"carrossel":{"file":"selecao-assai-670x230.jpg","width":670,"height":230,"mime-type":"image\/jpeg","filesize":38349,"source_url":"https:\/\/www.assai.com.br\/adegaassai\/vinhos-para-seu-negocio\/wp-content\/uploads\/2023\/08\/selecao-assai-670x230.jpg"},"quadrado":{"file":"selecao-assai-700x230.jpg","width":700,"height":230,"mime-type":"image\/jpeg","filesize":40106,"source_url":"https:\/\/www.assai.com.br\/adegaassai\/vinhos-para-seu-negocio\/wp-content\/uploads\/2023\/08\/selecao-assai-700x230.jpg"},"garrafa":{"file":"selecao-assai-76x230.jpg","width":76,"height":230,"mime-type":"image\/jpeg","filesize":5013,"source_url":"https:\/\/www.assai.com.br\/adegaassai\/vinhos-para-seu-negocio\/wp-content\/uploads\/2023\/08\/selecao-assai-76x230.jpg"}}},"alt_text":"","url":"","target":""}],[{"id":133,"title":"v3","caption":"","full_image_url":"https:\/\/www.assai.com.br\/adegaassai\/vinhos-para-seu-negocio\/wp-content\/uploads\/2023\/07\/v3.jpg","thumbnail_image_url":"https:\/\/www.assai.com.br\/adegaassai\/vinhos-para-seu-negocio\/wp-content\/uploads\/2023\/07\/v3-150x150.jpg","large_srcset":"https:\/\/www.assai.com.br\/adegaassai\/vinhos-para-seu-negocio\/wp-content\/uploads\/2023\/07\/v3.jpg 699w, https:\/\/www.assai.com.br\/adegaassai\/vinhos-para-seu-negocio\/wp-content\/uploads\/2023\/07\/v3-300x181.jpg 300w","medium_srcset":"https:\/\/www.assai.com.br\/adegaassai\/vinhos-para-seu-negocio\/wp-content\/uploads\/2023\/07\/v3-300x181.jpg 300w, https:\/\/www.assai.com.br\/adegaassai\/vinhos-para-seu-negocio\/wp-content\/uploads\/2023\/07\/v3.jpg 699w","media_details":{"width":699,"height":422,"sizes":{"medium":{"file":"v3-300x181.jpg","width":300,"height":181,"mime-type":"image\/jpeg","filesize":14148,"source_url":"https:\/\/www.assai.com.br\/adegaassai\/vinhos-para-seu-negocio\/wp-content\/uploads\/2023\/07\/v3-300x181.jpg"},"thumbnail":{"file":"v3-150x150.jpg","width":150,"height":150,"mime-type":"image\/jpeg","filesize":6854,"source_url":"https:\/\/www.assai.com.br\/adegaassai\/vinhos-para-seu-negocio\/wp-content\/uploads\/2023\/07\/v3-150x150.jpg"},"destaque-noticia":{"file":"v3-540x345.jpg","width":540,"height":345,"mime-type":"image\/jpeg","filesize":36887,"source_url":"https:\/\/www.assai.com.br\/adegaassai\/vinhos-para-seu-negocio\/wp-content\/uploads\/2023\/07\/v3-540x345.jpg"},"thumb-noticia":{"file":"v3-485x329.jpg","width":485,"height":329,"mime-type":"image\/jpeg","filesize":32381,"source_url":"https:\/\/www.assai.com.br\/adegaassai\/vinhos-para-seu-negocio\/wp-content\/uploads\/2023\/07\/v3-485x329.jpg"},"carrossel":{"file":"v3-670x420.jpg","width":670,"height":420,"mime-type":"image\/jpeg","filesize":50417,"source_url":"https:\/\/www.assai.com.br\/adegaassai\/vinhos-para-seu-negocio\/wp-content\/uploads\/2023\/07\/v3-670x420.jpg"},"thumb-triplo-home":{"file":"v3-353x234.jpg","width":353,"height":234,"mime-type":"image\/jpeg","filesize":19614,"source_url":"https:\/\/www.assai.com.br\/adegaassai\/vinhos-para-seu-negocio\/wp-content\/uploads\/2023\/07\/v3-353x234.jpg"},"revistas":{"file":"v3-660x422.jpg","width":660,"height":422,"mime-type":"image\/jpeg","filesize":52320,"source_url":"https:\/\/www.assai.com.br\/adegaassai\/vinhos-para-seu-negocio\/wp-content\/uploads\/2023\/07\/v3-660x422.jpg"}}},"alt_text":"","url":"","target":""}]]}},"_links":{"self":[{"href":"https:\/\/www.assai.com.br\/adegaassai\/vinhos-para-seu-negocio\/wp-json\/wp\/v2\/pages\/16","targetHints":{"allow":["GET"]}}],"collection":[{"href":"https:\/\/www.assai.com.br\/adegaassai\/vinhos-para-seu-negocio\/wp-json\/wp\/v2\/pages"}],"about":[{"href":"https:\/\/www.assai.com.br\/adegaassai\/vinhos-para-seu-negocio\/wp-json\/wp\/v2\/types\/page"}],"author":[{"embeddable":true,"href":"https:\/\/www.assai.com.br\/adegaassai\/vinhos-para-seu-negocio\/wp-json\/wp\/v2\/users\/1"}],"replies":[{"embeddable":true,"href":"https:\/\/www.assai.com.br\/adegaassai\/vinhos-para-seu-negocio\/wp-json\/wp\/v2\/comments?post=16"}],"version-history":[{"count":3,"href":"https:\/\/www.assai.com.br\/adegaassai\/vinhos-para-seu-negocio\/wp-json\/wp\/v2\/pages\/16\/revisions"}],"predecessor-version":[{"id":718,"href":"https:\/\/www.assai.com.br\/adegaassai\/vinhos-para-seu-negocio\/wp-json\/wp\/v2\/pages\/16\/revisions\/718"}],"wp:attachment":[{"href":"https:\/\/www.assai.com.br\/adegaassai\/vinhos-para-seu-negocio\/wp-json\/wp\/v2\/media?parent=16"}],"curies":[{"name":"wp","href":"https:\/\/api.w.org\/{rel}","templated":true}]}}