{"id":14,"date":"2023-07-21T11:59:51","date_gmt":"2023-07-21T14:59:51","guid":{"rendered":"https:\/\/assai.com.br\/adegaassai\/vinhos-para-seu-negocio\/para-seu-negocio\/?page_id=14"},"modified":"2023-10-30T17:26:05","modified_gmt":"2023-10-30T20:26:05","slug":"cadastre-se","status":"publish","type":"page","link":"https:\/\/www.assai.com.br\/adegaassai\/vinhos-para-seu-negocio\/cadastre-se\/","title":{"rendered":"Cadastre-se"},"content":{"rendered":"<h2>Cadastre-se e receba informa\u00e7\u00f5es de vinhos para o seu neg\u00f3cio<\/h2>\n\n<div class=\"wpcf7 no-js\" id=\"wpcf7-f81-o1\" lang=\"pt-BR\" dir=\"ltr\" data-wpcf7-id=\"81\">\n<div class=\"screen-reader-response\"><p role=\"status\" aria-live=\"polite\" aria-atomic=\"true\"><\/p> <ul><\/ul><\/div>\n<form action=\"\/adegaassai\/vinhos-para-seu-negocio\/wp-json\/wp\/v2\/pages\/14#wpcf7-f81-o1\" method=\"post\" class=\"wpcf7-form init\" aria-label=\"Formul\u00e1rios de contato\" novalidate=\"novalidate\" data-status=\"init\">\n<fieldset class=\"hidden-fields-container\"><input type=\"hidden\" name=\"_wpcf7\" value=\"81\" \/><input type=\"hidden\" name=\"_wpcf7_version\" value=\"6.1.5\" \/><input type=\"hidden\" name=\"_wpcf7_locale\" value=\"pt_BR\" \/><input type=\"hidden\" name=\"_wpcf7_unit_tag\" value=\"wpcf7-f81-o1\" \/><input type=\"hidden\" name=\"_wpcf7_container_post\" value=\"0\" \/><input type=\"hidden\" name=\"_wpcf7_posted_data_hash\" value=\"\" \/>\n<\/fieldset>\n<div class=\"row\">\n\t<div class=\"form-item\">\n\t\t<p><label>Voc\u00ea compra para:<\/label><br \/>\n<span class=\"wpcf7-form-control-wrap\" data-name=\"radio-741\"><span class=\"wpcf7-form-control wpcf7-radio\"><span class=\"wpcf7-list-item first\"><label><input type=\"radio\" name=\"radio-741\" value=\"Sua casa\" checked=\"checked\" \/><span class=\"wpcf7-list-item-label\">Sua casa<\/span><\/label><\/span><span class=\"wpcf7-list-item\"><label><input type=\"radio\" name=\"radio-741\" value=\"Seu neg\u00f3cio\" \/><span class=\"wpcf7-list-item-label\">Seu neg\u00f3cio<\/span><\/label><\/span><span class=\"wpcf7-list-item last\"><label><input type=\"radio\" name=\"radio-741\" value=\"Para ambos\" \/><span class=\"wpcf7-list-item-label\">Para ambos<\/span><\/label><\/span><\/span><\/span>\n\t\t<\/p>\n\t<\/div>\n<\/div>\n<div class=\"row\">\n\t<div class=\"form-item\">\n\t\t<p><label>Qual o seu neg\u00f3cio?<\/label><br \/>\n<span class=\"wpcf7-form-control-wrap\" data-name=\"menu-168\"><select class=\"wpcf7-form-control wpcf7-select\" aria-invalid=\"false\" name=\"menu-168\"><option value=\"\">&#8212;Escolha uma op\u00e7\u00e3o&#8212;<\/option><option value=\"Academia\">Academia<\/option><option value=\"Adega\">Adega<\/option><option value=\"Bar\">Bar<\/option><option value=\"Bomboniere\">Bomboniere<\/option><option value=\"Cantina\">Cantina<\/option><option value=\"Clube Esportivo\">Clube Esportivo<\/option><option value=\"Confeitaria\">Confeitaria<\/option><option value=\"Doceria\">Doceria<\/option><option value=\"Dogueiro\">Dogueiro<\/option><option value=\"Escola\">Escola<\/option><option value=\"Food Service\">Food Service<\/option><option value=\"Hotel\">Hotel<\/option><option value=\"Instiui\u00e7\u00e3o Religiosa\">Instiui\u00e7\u00e3o Religiosa<\/option><option value=\"Lanchonete\">Lanchonete<\/option><option value=\"Mercearia\">Mercearia<\/option><option value=\"Mini Mercado\">Mini Mercado<\/option><option value=\"Padaria\">Padaria<\/option><option value=\"Pasteleiro\">Pasteleiro<\/option><option value=\"Pizzaria\">Pizzaria<\/option><option value=\"Restaurante\">Restaurante<\/option><option value=\"Outro\">Outro<\/option><\/select><\/span>\n\t\t<\/p>\n\t<\/div>\n<\/div>\n<div class=\"row\">\n\t<div class=\"form-item\">\n\t\t<p><label>Nome Completo<\/label><br \/>\n<span class=\"wpcf7-form-control-wrap\" data-name=\"your-name\"><input size=\"40\" maxlength=\"400\" class=\"wpcf7-form-control wpcf7-text wpcf7-validates-as-required\" autocomplete=\"name\" aria-required=\"true\" aria-invalid=\"false\" value=\"\" type=\"text\" name=\"your-name\" \/><\/span>\n\t\t<\/p>\n\t<\/div>\n\t<div class=\"form-item\">\n\t\t<p><label>G\u00eanero<\/label><br \/>\n<span class=\"wpcf7-form-control-wrap\" data-name=\"menu-971\"><select class=\"wpcf7-form-control wpcf7-select\" aria-invalid=\"false\" name=\"menu-971\"><option value=\"Selecione\">Selecione<\/option><option value=\"Feminino\">Feminino<\/option><option value=\"Masculino\">Masculino<\/option><option value=\"Prefiro n\u00e3o informar\">Prefiro n\u00e3o informar<\/option><\/select><\/span>\n\t\t<\/p>\n\t<\/div>\n<\/div>\n<div class=\"row\">\n\t<div class=\"form-item\">\n\t\t<p><label>CPF<\/label><br \/>\n<span class=\"wpcf7-form-control-wrap\" data-name=\"text-795\"><input size=\"40\" maxlength=\"400\" class=\"wpcf7-form-control wpcf7-text\" id=\"cpf\" aria-invalid=\"false\" value=\"\" type=\"text\" name=\"text-795\" \/><\/span>\n\t\t<\/p>\n\t<\/div>\n<\/div>\n<div class=\"row\">\n\t<div class=\"form-item\">\n\t\t<p><label>CNPJ<\/label><br \/>\n<span class=\"wpcf7-form-control-wrap\" data-name=\"text-796\"><input size=\"40\" maxlength=\"400\" class=\"wpcf7-form-control wpcf7-text\" id=\"cnpj\" aria-invalid=\"false\" value=\"\" type=\"text\" name=\"text-796\" \/><\/span>\n\t\t<\/p>\n\t<\/div>\n<\/div>\n<div class=\"row\">\n\t<div class=\"form-item\">\n\t\t<p><label>E-mail<\/label><br \/>\n<span class=\"wpcf7-form-control-wrap\" data-name=\"your-email\"><input size=\"40\" maxlength=\"400\" class=\"wpcf7-form-control wpcf7-email wpcf7-validates-as-required wpcf7-text wpcf7-validates-as-email\" autocomplete=\"email\" aria-required=\"true\" aria-invalid=\"false\" value=\"\" type=\"email\" name=\"your-email\" \/><\/span>\n\t\t<\/p>\n\t<\/div>\n<\/div>\n<div class=\"row\">\n\t<div class=\"form-item\">\n\t\t<p><label>Celular<\/label><br \/>\n<span class=\"wpcf7-form-control-wrap\" data-name=\"text-794\"><input size=\"40\" maxlength=\"400\" class=\"wpcf7-form-control wpcf7-text\" id=\"celular\" aria-invalid=\"false\" value=\"\" type=\"text\" name=\"text-794\" \/><\/span>\n\t\t<\/p>\n\t<\/div>\n<\/div>\n<div class=\"row\">\n\t<div class=\"form-item checkbox\">\n\t\t<p><span class=\"wpcf7-form-control-wrap\" data-name=\"checkbox-367\"><span class=\"wpcf7-form-control wpcf7-checkbox\"><span class=\"wpcf7-list-item first last\"><label><input type=\"checkbox\" name=\"checkbox-367[]\" value=\"Aceito receber todos os conte\u00fados informativos e publicit\u00e1rios, nos termos da Pol\u00edtica de Privacidade do Assa\u00ed Atacadista\" \/><span class=\"wpcf7-list-item-label\">Aceito receber todos os conte\u00fados informativos e publicit\u00e1rios, nos termos da Pol\u00edtica de Privacidade do Assa\u00ed Atacadista<\/span><\/label><\/span><\/span><\/span>\n\t\t<\/p>\n\t<\/div>\n<\/div>\n<div class=\"row\">\n\t<div class=\"form-item\">\n\t\t<p><input class=\"wpcf7-form-control wpcf7-submit has-spinner\" type=\"submit\" value=\"Enviar\" \/>\n\t\t<\/p>\n\t<\/div>\n<\/div><div class=\"wpcf7-response-output\" aria-hidden=\"true\"><\/div>\n<\/form>\n<\/div>\n\n","protected":false},"excerpt":{"rendered":"<p>Cadastre-se e receba informa\u00e7\u00f5es de vinhos para o seu neg\u00f3cio<\/p>\n","protected":false},"author":1,"featured_media":0,"parent":0,"menu_order":0,"comment_status":"closed","ping_status":"closed","template":"","meta":{"_acf_changed":false,"footnotes":""},"class_list":["post-14","page","type-page","status-publish","hentry"],"acf":{"photo_gallery":{"banners_desktop":[[{"id":436,"title":"cadastro-news","caption":"","full_image_url":"https:\/\/www.assai.com.br\/adegaassai\/vinhos-para-seu-negocio\/wp-content\/uploads\/2023\/08\/cadastro-news.jpg","thumbnail_image_url":"https:\/\/www.assai.com.br\/adegaassai\/vinhos-para-seu-negocio\/wp-content\/uploads\/2023\/08\/cadastro-news-150x150.jpg","large_srcset":"https:\/\/www.assai.com.br\/adegaassai\/vinhos-para-seu-negocio\/wp-content\/uploads\/2023\/08\/cadastro-news-1024x123.jpg 1024w, https:\/\/www.assai.com.br\/adegaassai\/vinhos-para-seu-negocio\/wp-content\/uploads\/2023\/08\/cadastro-news-300x36.jpg 300w, https:\/\/www.assai.com.br\/adegaassai\/vinhos-para-seu-negocio\/wp-content\/uploads\/2023\/08\/cadastro-news-768x92.jpg 768w, https:\/\/www.assai.com.br\/adegaassai\/vinhos-para-seu-negocio\/wp-content\/uploads\/2023\/08\/cadastro-news-1536x184.jpg 1536w, https:\/\/www.assai.com.br\/adegaassai\/vinhos-para-seu-negocio\/wp-content\/uploads\/2023\/08\/cadastro-news.jpg 1920w","medium_srcset":"https:\/\/www.assai.com.br\/adegaassai\/vinhos-para-seu-negocio\/wp-content\/uploads\/2023\/08\/cadastro-news-300x36.jpg 300w, https:\/\/www.assai.com.br\/adegaassai\/vinhos-para-seu-negocio\/wp-content\/uploads\/2023\/08\/cadastro-news-1024x123.jpg 1024w, https:\/\/www.assai.com.br\/adegaassai\/vinhos-para-seu-negocio\/wp-content\/uploads\/2023\/08\/cadastro-news-768x92.jpg 768w, https:\/\/www.assai.com.br\/adegaassai\/vinhos-para-seu-negocio\/wp-content\/uploads\/2023\/08\/cadastro-news-1536x184.jpg 1536w, https:\/\/www.assai.com.br\/adegaassai\/vinhos-para-seu-negocio\/wp-content\/uploads\/2023\/08\/cadastro-news.jpg 1920w","media_details":{"width":1920,"height":230,"sizes":{"medium":{"file":"cadastro-news-300x36.jpg","width":300,"height":36,"mime-type":"image\/jpeg","filesize":5644,"source_url":"https:\/\/www.assai.com.br\/adegaassai\/vinhos-para-seu-negocio\/wp-content\/uploads\/2023\/08\/cadastro-news-300x36.jpg"},"large":{"file":"cadastro-news-1024x123.jpg","width":1024,"height":123,"mime-type":"image\/jpeg","filesize":35943,"source_url":"https:\/\/www.assai.com.br\/adegaassai\/vinhos-para-seu-negocio\/wp-content\/uploads\/2023\/08\/cadastro-news-1024x123.jpg"},"thumbnail":{"file":"cadastro-news-150x150.jpg","width":150,"height":150,"mime-type":"image\/jpeg","filesize":5829,"source_url":"https:\/\/www.assai.com.br\/adegaassai\/vinhos-para-seu-negocio\/wp-content\/uploads\/2023\/08\/cadastro-news-150x150.jpg"},"medium_large":{"file":"cadastro-news-768x92.jpg","width":768,"height":92,"mime-type":"image\/jpeg","filesize":22337,"source_url":"https:\/\/www.assai.com.br\/adegaassai\/vinhos-para-seu-negocio\/wp-content\/uploads\/2023\/08\/cadastro-news-768x92.jpg"},"1536x1536":{"file":"cadastro-news-1536x184.jpg","width":1536,"height":184,"mime-type":"image\/jpeg","filesize":68445,"source_url":"https:\/\/www.assai.com.br\/adegaassai\/vinhos-para-seu-negocio\/wp-content\/uploads\/2023\/08\/cadastro-news-1536x184.jpg"},"destaque-noticia":{"file":"cadastro-news-540x230.jpg","width":540,"height":230,"mime-type":"image\/jpeg","filesize":29523,"source_url":"https:\/\/www.assai.com.br\/adegaassai\/vinhos-para-seu-negocio\/wp-content\/uploads\/2023\/08\/cadastro-news-540x230.jpg"},"thumb-noticia":{"file":"cadastro-news-485x230.jpg","width":485,"height":230,"mime-type":"image\/jpeg","filesize":26793,"source_url":"https:\/\/www.assai.com.br\/adegaassai\/vinhos-para-seu-negocio\/wp-content\/uploads\/2023\/08\/cadastro-news-485x230.jpg"},"carrossel":{"file":"cadastro-news-670x230.jpg","width":670,"height":230,"mime-type":"image\/jpeg","filesize":36355,"source_url":"https:\/\/www.assai.com.br\/adegaassai\/vinhos-para-seu-negocio\/wp-content\/uploads\/2023\/08\/cadastro-news-670x230.jpg"},"quadrado":{"file":"cadastro-news-700x230.jpg","width":700,"height":230,"mime-type":"image\/jpeg","filesize":37294,"source_url":"https:\/\/www.assai.com.br\/adegaassai\/vinhos-para-seu-negocio\/wp-content\/uploads\/2023\/08\/cadastro-news-700x230.jpg"},"garrafa":{"file":"cadastro-news-76x230.jpg","width":76,"height":230,"mime-type":"image\/jpeg","filesize":4875,"source_url":"https:\/\/www.assai.com.br\/adegaassai\/vinhos-para-seu-negocio\/wp-content\/uploads\/2023\/08\/cadastro-news-76x230.jpg"}}},"alt_text":"","url":"","target":""}]],"banners_mobile":[[{"id":436,"title":"cadastro-news","caption":"","full_image_url":"https:\/\/www.assai.com.br\/adegaassai\/vinhos-para-seu-negocio\/wp-content\/uploads\/2023\/08\/cadastro-news.jpg","thumbnail_image_url":"https:\/\/www.assai.com.br\/adegaassai\/vinhos-para-seu-negocio\/wp-content\/uploads\/2023\/08\/cadastro-news-150x150.jpg","large_srcset":"https:\/\/www.assai.com.br\/adegaassai\/vinhos-para-seu-negocio\/wp-content\/uploads\/2023\/08\/cadastro-news-1024x123.jpg 1024w, https:\/\/www.assai.com.br\/adegaassai\/vinhos-para-seu-negocio\/wp-content\/uploads\/2023\/08\/cadastro-news-300x36.jpg 300w, https:\/\/www.assai.com.br\/adegaassai\/vinhos-para-seu-negocio\/wp-content\/uploads\/2023\/08\/cadastro-news-768x92.jpg 768w, https:\/\/www.assai.com.br\/adegaassai\/vinhos-para-seu-negocio\/wp-content\/uploads\/2023\/08\/cadastro-news-1536x184.jpg 1536w, https:\/\/www.assai.com.br\/adegaassai\/vinhos-para-seu-negocio\/wp-content\/uploads\/2023\/08\/cadastro-news.jpg 1920w","medium_srcset":"https:\/\/www.assai.com.br\/adegaassai\/vinhos-para-seu-negocio\/wp-content\/uploads\/2023\/08\/cadastro-news-300x36.jpg 300w, https:\/\/www.assai.com.br\/adegaassai\/vinhos-para-seu-negocio\/wp-content\/uploads\/2023\/08\/cadastro-news-1024x123.jpg 1024w, https:\/\/www.assai.com.br\/adegaassai\/vinhos-para-seu-negocio\/wp-content\/uploads\/2023\/08\/cadastro-news-768x92.jpg 768w, https:\/\/www.assai.com.br\/adegaassai\/vinhos-para-seu-negocio\/wp-content\/uploads\/2023\/08\/cadastro-news-1536x184.jpg 1536w, https:\/\/www.assai.com.br\/adegaassai\/vinhos-para-seu-negocio\/wp-content\/uploads\/2023\/08\/cadastro-news.jpg 1920w","media_details":{"width":1920,"height":230,"sizes":{"medium":{"file":"cadastro-news-300x36.jpg","width":300,"height":36,"mime-type":"image\/jpeg","filesize":5644,"source_url":"https:\/\/www.assai.com.br\/adegaassai\/vinhos-para-seu-negocio\/wp-content\/uploads\/2023\/08\/cadastro-news-300x36.jpg"},"large":{"file":"cadastro-news-1024x123.jpg","width":1024,"height":123,"mime-type":"image\/jpeg","filesize":35943,"source_url":"https:\/\/www.assai.com.br\/adegaassai\/vinhos-para-seu-negocio\/wp-content\/uploads\/2023\/08\/cadastro-news-1024x123.jpg"},"thumbnail":{"file":"cadastro-news-150x150.jpg","width":150,"height":150,"mime-type":"image\/jpeg","filesize":5829,"source_url":"https:\/\/www.assai.com.br\/adegaassai\/vinhos-para-seu-negocio\/wp-content\/uploads\/2023\/08\/cadastro-news-150x150.jpg"},"medium_large":{"file":"cadastro-news-768x92.jpg","width":768,"height":92,"mime-type":"image\/jpeg","filesize":22337,"source_url":"https:\/\/www.assai.com.br\/adegaassai\/vinhos-para-seu-negocio\/wp-content\/uploads\/2023\/08\/cadastro-news-768x92.jpg"},"1536x1536":{"file":"cadastro-news-1536x184.jpg","width":1536,"height":184,"mime-type":"image\/jpeg","filesize":68445,"source_url":"https:\/\/www.assai.com.br\/adegaassai\/vinhos-para-seu-negocio\/wp-content\/uploads\/2023\/08\/cadastro-news-1536x184.jpg"},"destaque-noticia":{"file":"cadastro-news-540x230.jpg","width":540,"height":230,"mime-type":"image\/jpeg","filesize":29523,"source_url":"https:\/\/www.assai.com.br\/adegaassai\/vinhos-para-seu-negocio\/wp-content\/uploads\/2023\/08\/cadastro-news-540x230.jpg"},"thumb-noticia":{"file":"cadastro-news-485x230.jpg","width":485,"height":230,"mime-type":"image\/jpeg","filesize":26793,"source_url":"https:\/\/www.assai.com.br\/adegaassai\/vinhos-para-seu-negocio\/wp-content\/uploads\/2023\/08\/cadastro-news-485x230.jpg"},"carrossel":{"file":"cadastro-news-670x230.jpg","width":670,"height":230,"mime-type":"image\/jpeg","filesize":36355,"source_url":"https:\/\/www.assai.com.br\/adegaassai\/vinhos-para-seu-negocio\/wp-content\/uploads\/2023\/08\/cadastro-news-670x230.jpg"},"quadrado":{"file":"cadastro-news-700x230.jpg","width":700,"height":230,"mime-type":"image\/jpeg","filesize":37294,"source_url":"https:\/\/www.assai.com.br\/adegaassai\/vinhos-para-seu-negocio\/wp-content\/uploads\/2023\/08\/cadastro-news-700x230.jpg"},"garrafa":{"file":"cadastro-news-76x230.jpg","width":76,"height":230,"mime-type":"image\/jpeg","filesize":4875,"source_url":"https:\/\/www.assai.com.br\/adegaassai\/vinhos-para-seu-negocio\/wp-content\/uploads\/2023\/08\/cadastro-news-76x230.jpg"}}},"alt_text":"","url":"","target":""}],[{"id":133,"title":"v3","caption":"","full_image_url":"https:\/\/www.assai.com.br\/adegaassai\/vinhos-para-seu-negocio\/wp-content\/uploads\/2023\/07\/v3.jpg","thumbnail_image_url":"https:\/\/www.assai.com.br\/adegaassai\/vinhos-para-seu-negocio\/wp-content\/uploads\/2023\/07\/v3-150x150.jpg","large_srcset":"https:\/\/www.assai.com.br\/adegaassai\/vinhos-para-seu-negocio\/wp-content\/uploads\/2023\/07\/v3.jpg 699w, https:\/\/www.assai.com.br\/adegaassai\/vinhos-para-seu-negocio\/wp-content\/uploads\/2023\/07\/v3-300x181.jpg 300w","medium_srcset":"https:\/\/www.assai.com.br\/adegaassai\/vinhos-para-seu-negocio\/wp-content\/uploads\/2023\/07\/v3-300x181.jpg 300w, https:\/\/www.assai.com.br\/adegaassai\/vinhos-para-seu-negocio\/wp-content\/uploads\/2023\/07\/v3.jpg 699w","media_details":{"width":699,"height":422,"sizes":{"medium":{"file":"v3-300x181.jpg","width":300,"height":181,"mime-type":"image\/jpeg","filesize":14148,"source_url":"https:\/\/www.assai.com.br\/adegaassai\/vinhos-para-seu-negocio\/wp-content\/uploads\/2023\/07\/v3-300x181.jpg"},"thumbnail":{"file":"v3-150x150.jpg","width":150,"height":150,"mime-type":"image\/jpeg","filesize":6854,"source_url":"https:\/\/www.assai.com.br\/adegaassai\/vinhos-para-seu-negocio\/wp-content\/uploads\/2023\/07\/v3-150x150.jpg"},"destaque-noticia":{"file":"v3-540x345.jpg","width":540,"height":345,"mime-type":"image\/jpeg","filesize":36887,"source_url":"https:\/\/www.assai.com.br\/adegaassai\/vinhos-para-seu-negocio\/wp-content\/uploads\/2023\/07\/v3-540x345.jpg"},"thumb-noticia":{"file":"v3-485x329.jpg","width":485,"height":329,"mime-type":"image\/jpeg","filesize":32381,"source_url":"https:\/\/www.assai.com.br\/adegaassai\/vinhos-para-seu-negocio\/wp-content\/uploads\/2023\/07\/v3-485x329.jpg"},"carrossel":{"file":"v3-670x420.jpg","width":670,"height":420,"mime-type":"image\/jpeg","filesize":50417,"source_url":"https:\/\/www.assai.com.br\/adegaassai\/vinhos-para-seu-negocio\/wp-content\/uploads\/2023\/07\/v3-670x420.jpg"},"thumb-triplo-home":{"file":"v3-353x234.jpg","width":353,"height":234,"mime-type":"image\/jpeg","filesize":19614,"source_url":"https:\/\/www.assai.com.br\/adegaassai\/vinhos-para-seu-negocio\/wp-content\/uploads\/2023\/07\/v3-353x234.jpg"},"revistas":{"file":"v3-660x422.jpg","width":660,"height":422,"mime-type":"image\/jpeg","filesize":52320,"source_url":"https:\/\/www.assai.com.br\/adegaassai\/vinhos-para-seu-negocio\/wp-content\/uploads\/2023\/07\/v3-660x422.jpg"}}},"alt_text":"","url":"","target":""}]]}},"_links":{"self":[{"href":"https:\/\/www.assai.com.br\/adegaassai\/vinhos-para-seu-negocio\/wp-json\/wp\/v2\/pages\/14","targetHints":{"allow":["GET"]}}],"collection":[{"href":"https:\/\/www.assai.com.br\/adegaassai\/vinhos-para-seu-negocio\/wp-json\/wp\/v2\/pages"}],"about":[{"href":"https:\/\/www.assai.com.br\/adegaassai\/vinhos-para-seu-negocio\/wp-json\/wp\/v2\/types\/page"}],"author":[{"embeddable":true,"href":"https:\/\/www.assai.com.br\/adegaassai\/vinhos-para-seu-negocio\/wp-json\/wp\/v2\/users\/1"}],"replies":[{"embeddable":true,"href":"https:\/\/www.assai.com.br\/adegaassai\/vinhos-para-seu-negocio\/wp-json\/wp\/v2\/comments?post=14"}],"version-history":[{"count":4,"href":"https:\/\/www.assai.com.br\/adegaassai\/vinhos-para-seu-negocio\/wp-json\/wp\/v2\/pages\/14\/revisions"}],"predecessor-version":[{"id":714,"href":"https:\/\/www.assai.com.br\/adegaassai\/vinhos-para-seu-negocio\/wp-json\/wp\/v2\/pages\/14\/revisions\/714"}],"wp:attachment":[{"href":"https:\/\/www.assai.com.br\/adegaassai\/vinhos-para-seu-negocio\/wp-json\/wp\/v2\/media?parent=14"}],"curies":[{"name":"wp","href":"https:\/\/api.w.org\/{rel}","templated":true}]}}