{"id":35,"date":"2024-04-04T10:14:05","date_gmt":"2024-04-04T13:14:05","guid":{"rendered":"https:\/\/assai.com.br\/adegaassai\/home\/?page_id=35"},"modified":"2024-04-04T14:38:53","modified_gmt":"2024-04-04T17:38:53","slug":"cadastro-de-usuarios","status":"publish","type":"page","link":"https:\/\/www.assai.com.br\/adegaassai\/home\/cadastro-de-usuarios\/","title":{"rendered":"Cadastro de Usu\u00e1rios"},"content":{"rendered":"<h2>Cadastre-se e receba mais informa\u00e7\u00f5es<\/h2>\n\n<div class=\"wpcf7 no-js\" id=\"wpcf7-f15-o1\" lang=\"pt-BR\" dir=\"ltr\" data-wpcf7-id=\"15\">\n<div class=\"screen-reader-response\"><p role=\"status\" aria-live=\"polite\" aria-atomic=\"true\"><\/p> <ul><\/ul><\/div>\n<form action=\"\/adegaassai\/home\/wp-json\/wp\/v2\/pages\/35#wpcf7-f15-o1\" method=\"post\" class=\"wpcf7-form init\" aria-label=\"Formul\u00e1rios de contato\" novalidate=\"novalidate\" data-status=\"init\">\n<fieldset class=\"hidden-fields-container\"><input type=\"hidden\" name=\"_wpcf7\" value=\"15\" \/><input type=\"hidden\" name=\"_wpcf7_version\" value=\"6.1.5\" \/><input type=\"hidden\" name=\"_wpcf7_locale\" value=\"pt_BR\" \/><input type=\"hidden\" name=\"_wpcf7_unit_tag\" value=\"wpcf7-f15-o1\" \/><input type=\"hidden\" name=\"_wpcf7_container_post\" value=\"0\" \/><input type=\"hidden\" name=\"_wpcf7_posted_data_hash\" value=\"\" \/><input type=\"hidden\" name=\"_wpcf7_recaptcha_response\" value=\"\" \/>\n<\/fieldset>\n<div class=\"row\">\n\t<div class=\"form-item\">\n\t\t<p><label>Voc\u00ea compra para:<\/label><br \/>\n<span class=\"wpcf7-form-control-wrap\" data-name=\"radio-741\"><span class=\"wpcf7-form-control wpcf7-radio\"><span class=\"wpcf7-list-item first\"><label><input type=\"radio\" name=\"radio-741\" value=\"Sua casa\" checked=\"checked\" \/><span class=\"wpcf7-list-item-label\">Sua casa<\/span><\/label><\/span><span class=\"wpcf7-list-item\"><label><input type=\"radio\" name=\"radio-741\" value=\"Seu neg\u00f3cio\" \/><span class=\"wpcf7-list-item-label\">Seu neg\u00f3cio<\/span><\/label><\/span><span class=\"wpcf7-list-item last\"><label><input type=\"radio\" name=\"radio-741\" value=\"Para ambos\" \/><span class=\"wpcf7-list-item-label\">Para ambos<\/span><\/label><\/span><\/span><\/span>\n\t\t<\/p>\n\t<\/div>\n<\/div>\n<div class=\"row\">\n\t<div class=\"form-item\">\n\t\t<p><label>Qual o seu neg\u00f3cio?<\/label><br \/>\n<span class=\"wpcf7-form-control-wrap\" data-name=\"menu-168\"><select class=\"wpcf7-form-control wpcf7-select\" aria-invalid=\"false\" name=\"menu-168\"><option value=\"\">&#8212;Escolha uma op\u00e7\u00e3o&#8212;<\/option><option value=\"Academia\">Academia<\/option><option value=\"Adega\">Adega<\/option><option value=\"Bar\">Bar<\/option><option value=\"Bomboniere\">Bomboniere<\/option><option value=\"Cantina\">Cantina<\/option><option value=\"Clube Esportivo\">Clube Esportivo<\/option><option value=\"Confeitaria\">Confeitaria<\/option><option value=\"Doceria\">Doceria<\/option><option value=\"Dogueiro\">Dogueiro<\/option><option value=\"Escola\">Escola<\/option><option value=\"Food Service\">Food Service<\/option><option value=\"Hotel\">Hotel<\/option><option value=\"Instiui\u00e7\u00e3o Religiosa\">Instiui\u00e7\u00e3o Religiosa<\/option><option value=\"Lanchonete\">Lanchonete<\/option><option value=\"Mercearia\">Mercearia<\/option><option value=\"Mini Mercado\">Mini Mercado<\/option><option value=\"Padaria\">Padaria<\/option><option value=\"Pasteleiro\">Pasteleiro<\/option><option value=\"Pizzaria\">Pizzaria<\/option><option value=\"Restaurante\">Restaurante<\/option><option value=\"Outro\">Outro<\/option><\/select><\/span>\n\t\t<\/p>\n\t<\/div>\n<\/div>\n<div class=\"row\">\n\t<div class=\"form-item\">\n\t\t<p><label>Nome Completo<\/label><br \/>\n<span class=\"wpcf7-form-control-wrap\" data-name=\"your-name\"><input size=\"40\" maxlength=\"400\" class=\"wpcf7-form-control wpcf7-text wpcf7-validates-as-required\" autocomplete=\"name\" aria-required=\"true\" aria-invalid=\"false\" value=\"\" type=\"text\" name=\"your-name\" \/><\/span>\n\t\t<\/p>\n\t<\/div>\n\t<div class=\"form-item\">\n\t\t<p><label>G\u00eanero<\/label><br \/>\n<span class=\"wpcf7-form-control-wrap\" data-name=\"menu-971\"><select class=\"wpcf7-form-control wpcf7-select\" aria-invalid=\"false\" name=\"menu-971\"><option value=\"Selecione\">Selecione<\/option><option value=\"Feminino\">Feminino<\/option><option value=\"Masculino\">Masculino<\/option><option value=\"Prefiro n\u00e3o informar\">Prefiro n\u00e3o informar<\/option><\/select><\/span>\n\t\t<\/p>\n\t<\/div>\n<\/div>\n<div class=\"row\">\n\t<div class=\"form-item\">\n\t\t<p><label>CPF<\/label><br \/>\n<span class=\"wpcf7-form-control-wrap\" data-name=\"text-795\"><input size=\"40\" maxlength=\"400\" class=\"wpcf7-form-control wpcf7-text\" id=\"cpf\" aria-invalid=\"false\" value=\"\" type=\"text\" name=\"text-795\" \/><\/span>\n\t\t<\/p>\n\t<\/div>\n<\/div>\n<div class=\"row\">\n\t<div class=\"form-item\">\n\t\t<p><label>CNPJ<\/label><br \/>\n<span class=\"wpcf7-form-control-wrap\" data-name=\"text-796\"><input size=\"40\" maxlength=\"400\" class=\"wpcf7-form-control wpcf7-text\" id=\"cnpj\" aria-invalid=\"false\" value=\"\" type=\"text\" name=\"text-796\" \/><\/span>\n\t\t<\/p>\n\t<\/div>\n<\/div>\n<div class=\"row\">\n\t<div class=\"form-item\">\n\t\t<p><label>E-mail<\/label><br \/>\n<span class=\"wpcf7-form-control-wrap\" data-name=\"your-email\"><input size=\"40\" maxlength=\"400\" class=\"wpcf7-form-control wpcf7-email wpcf7-validates-as-required wpcf7-text wpcf7-validates-as-email\" autocomplete=\"email\" aria-required=\"true\" aria-invalid=\"false\" value=\"\" type=\"email\" name=\"your-email\" \/><\/span>\n\t\t<\/p>\n\t<\/div>\n<\/div>\n<div class=\"row\">\n\t<div class=\"form-item\">\n\t\t<p><label>Celular<\/label><br \/>\n<span class=\"wpcf7-form-control-wrap\" data-name=\"text-794\"><input size=\"40\" maxlength=\"400\" class=\"wpcf7-form-control wpcf7-text\" id=\"celular\" aria-invalid=\"false\" value=\"\" type=\"text\" name=\"text-794\" \/><\/span>\n\t\t<\/p>\n\t<\/div>\n<\/div>\n<div class=\"row\">\n\t<p><span class=\"wpcf7-form-control-wrap\" data-name=\"checkbox-215\"><span class=\"wpcf7-form-control wpcf7-checkbox\"><span class=\"wpcf7-list-item first last\"><label><span class=\"wpcf7-list-item-label\"><\/span><input type=\"checkbox\" name=\"checkbox-215[]\" value=\"\" \/><\/label><\/span><\/span><\/span>\n\t<\/p>\n\t<p class=\"aceite\">Aceito receber todos os conte\u00fados informativos e publicit\u00e1rios, nos termos da <a href=\"https:\/\/assai.com.br\/adegaassai\/home\/politica-de-privacidade\/\" target=\"_blank\">Pol\u00edtica de Privacidade do Assa\u00ed Atacadista<\/a>\n\t<\/p>\n<\/div>\n<div class=\"row\">\n\t<div class=\"form-item\">\n\t\t<p><input class=\"wpcf7-form-control wpcf7-submit has-spinner\" type=\"submit\" value=\"Enviar\" \/>\n\t\t<\/p>\n\t<\/div>\n<\/div><div class=\"wpcf7-response-output\" aria-hidden=\"true\"><\/div>\n<\/form>\n<\/div>\n\n","protected":false},"excerpt":{"rendered":"<p>Cadastre-se e receba mais informa\u00e7\u00f5es<\/p>\n","protected":false},"author":1,"featured_media":0,"parent":0,"menu_order":0,"comment_status":"closed","ping_status":"closed","template":"page-content.php","meta":{"_acf_changed":false,"footnotes":""},"class_list":["post-35","page","type-page","status-publish","hentry"],"acf":[],"_links":{"self":[{"href":"https:\/\/www.assai.com.br\/adegaassai\/home\/wp-json\/wp\/v2\/pages\/35","targetHints":{"allow":["GET"]}}],"collection":[{"href":"https:\/\/www.assai.com.br\/adegaassai\/home\/wp-json\/wp\/v2\/pages"}],"about":[{"href":"https:\/\/www.assai.com.br\/adegaassai\/home\/wp-json\/wp\/v2\/types\/page"}],"author":[{"embeddable":true,"href":"https:\/\/www.assai.com.br\/adegaassai\/home\/wp-json\/wp\/v2\/users\/1"}],"replies":[{"embeddable":true,"href":"https:\/\/www.assai.com.br\/adegaassai\/home\/wp-json\/wp\/v2\/comments?post=35"}],"version-history":[{"count":2,"href":"https:\/\/www.assai.com.br\/adegaassai\/home\/wp-json\/wp\/v2\/pages\/35\/revisions"}],"predecessor-version":[{"id":37,"href":"https:\/\/www.assai.com.br\/adegaassai\/home\/wp-json\/wp\/v2\/pages\/35\/revisions\/37"}],"wp:attachment":[{"href":"https:\/\/www.assai.com.br\/adegaassai\/home\/wp-json\/wp\/v2\/media?parent=35"}],"curies":[{"name":"wp","href":"https:\/\/api.w.org\/{rel}","templated":true}]}}