{"id":70,"date":"2023-09-20T17:31:21","date_gmt":"2023-09-20T20:31:21","guid":{"rendered":"https:\/\/assai.com.br\/adegaassai\/destilados-para-seu-negocio\/?page_id=70"},"modified":"2023-10-31T15:15:53","modified_gmt":"2023-10-31T18:15:53","slug":"selecao-assai","status":"publish","type":"page","link":"https:\/\/www.assai.com.br\/adegaassai\/destilados-para-seu-negocio\/selecao-assai\/","title":{"rendered":"Sele\u00e7\u00e3o Assa\u00ed"},"content":{"rendered":"<h2>Uma curadoria dos melhores r\u00f3tulos feita pelo time de especialistas do Assa\u00ed<\/h2>\n","protected":false},"excerpt":{"rendered":"<p>Uma curadoria dos melhores r\u00f3tulos feita pelo time de especialistas do Assa\u00ed<\/p>\n","protected":false},"author":1,"featured_media":0,"parent":0,"menu_order":0,"comment_status":"closed","ping_status":"closed","template":"page-selecao.php","meta":{"_acf_changed":false,"footnotes":""},"class_list":["post-70","page","type-page","status-publish","hentry"],"acf":{"photo_gallery":{"banners_desktop":[[{"id":140,"title":"sele\u00e7\u00e3o assa\u00ed","caption":"","full_image_url":"https:\/\/www.assai.com.br\/adegaassai\/destilados-para-seu-negocio\/wp-content\/uploads\/2023\/09\/selecao-assai.png","thumbnail_image_url":"https:\/\/www.assai.com.br\/adegaassai\/destilados-para-seu-negocio\/wp-content\/uploads\/2023\/09\/selecao-assai-150x150.png","large_srcset":"https:\/\/www.assai.com.br\/adegaassai\/destilados-para-seu-negocio\/wp-content\/uploads\/2023\/09\/selecao-assai-1024x123.png 1024w, https:\/\/www.assai.com.br\/adegaassai\/destilados-para-seu-negocio\/wp-content\/uploads\/2023\/09\/selecao-assai-300x36.png 300w, https:\/\/www.assai.com.br\/adegaassai\/destilados-para-seu-negocio\/wp-content\/uploads\/2023\/09\/selecao-assai-768x92.png 768w, https:\/\/www.assai.com.br\/adegaassai\/destilados-para-seu-negocio\/wp-content\/uploads\/2023\/09\/selecao-assai-1536x184.png 1536w, https:\/\/www.assai.com.br\/adegaassai\/destilados-para-seu-negocio\/wp-content\/uploads\/2023\/09\/selecao-assai.png 1920w","medium_srcset":"https:\/\/www.assai.com.br\/adegaassai\/destilados-para-seu-negocio\/wp-content\/uploads\/2023\/09\/selecao-assai-300x36.png 300w, https:\/\/www.assai.com.br\/adegaassai\/destilados-para-seu-negocio\/wp-content\/uploads\/2023\/09\/selecao-assai-1024x123.png 1024w, https:\/\/www.assai.com.br\/adegaassai\/destilados-para-seu-negocio\/wp-content\/uploads\/2023\/09\/selecao-assai-768x92.png 768w, https:\/\/www.assai.com.br\/adegaassai\/destilados-para-seu-negocio\/wp-content\/uploads\/2023\/09\/selecao-assai-1536x184.png 1536w, https:\/\/www.assai.com.br\/adegaassai\/destilados-para-seu-negocio\/wp-content\/uploads\/2023\/09\/selecao-assai.png 1920w","media_details":{"width":1920,"height":230,"sizes":{"medium":{"file":"selecao-assai-300x36.png","width":300,"height":36,"mime-type":"image\/png","filesize":23592,"source_url":"https:\/\/www.assai.com.br\/adegaassai\/destilados-para-seu-negocio\/wp-content\/uploads\/2023\/09\/selecao-assai-300x36.png"},"large":{"file":"selecao-assai-1024x123.png","width":1024,"height":123,"mime-type":"image\/png","filesize":218432,"source_url":"https:\/\/www.assai.com.br\/adegaassai\/destilados-para-seu-negocio\/wp-content\/uploads\/2023\/09\/selecao-assai-1024x123.png"},"thumbnail":{"file":"selecao-assai-150x150.png","width":150,"height":150,"mime-type":"image\/png","filesize":33299,"source_url":"https:\/\/www.assai.com.br\/adegaassai\/destilados-para-seu-negocio\/wp-content\/uploads\/2023\/09\/selecao-assai-150x150.png"},"medium_large":{"file":"selecao-assai-768x92.png","width":768,"height":92,"mime-type":"image\/png","filesize":127462,"source_url":"https:\/\/www.assai.com.br\/adegaassai\/destilados-para-seu-negocio\/wp-content\/uploads\/2023\/09\/selecao-assai-768x92.png"},"1536x1536":{"file":"selecao-assai-1536x184.png","width":1536,"height":184,"mime-type":"image\/png","filesize":466607,"source_url":"https:\/\/www.assai.com.br\/adegaassai\/destilados-para-seu-negocio\/wp-content\/uploads\/2023\/09\/selecao-assai-1536x184.png"},"destaque-noticia":{"file":"selecao-assai-540x230.png","width":540,"height":230,"mime-type":"image\/png","filesize":220202,"source_url":"https:\/\/www.assai.com.br\/adegaassai\/destilados-para-seu-negocio\/wp-content\/uploads\/2023\/09\/selecao-assai-540x230.png"},"thumb-noticia":{"file":"selecao-assai-485x230.png","width":485,"height":230,"mime-type":"image\/png","filesize":196398,"source_url":"https:\/\/www.assai.com.br\/adegaassai\/destilados-para-seu-negocio\/wp-content\/uploads\/2023\/09\/selecao-assai-485x230.png"},"carrossel":{"file":"selecao-assai-670x230.png","width":670,"height":230,"mime-type":"image\/png","filesize":272870,"source_url":"https:\/\/www.assai.com.br\/adegaassai\/destilados-para-seu-negocio\/wp-content\/uploads\/2023\/09\/selecao-assai-670x230.png"},"quadrado":{"file":"selecao-assai-700x230.png","width":700,"height":230,"mime-type":"image\/png","filesize":286026,"source_url":"https:\/\/www.assai.com.br\/adegaassai\/destilados-para-seu-negocio\/wp-content\/uploads\/2023\/09\/selecao-assai-700x230.png"},"garrafa":{"file":"selecao-assai-76x230.png","width":76,"height":230,"mime-type":"image\/png","filesize":26781,"source_url":"https:\/\/www.assai.com.br\/adegaassai\/destilados-para-seu-negocio\/wp-content\/uploads\/2023\/09\/selecao-assai-76x230.png"}}},"alt_text":"","url":"","target":""}]],"banners_mobile":[[{"id":140,"title":"sele\u00e7\u00e3o assa\u00ed","caption":"","full_image_url":"https:\/\/www.assai.com.br\/adegaassai\/destilados-para-seu-negocio\/wp-content\/uploads\/2023\/09\/selecao-assai.png","thumbnail_image_url":"https:\/\/www.assai.com.br\/adegaassai\/destilados-para-seu-negocio\/wp-content\/uploads\/2023\/09\/selecao-assai-150x150.png","large_srcset":"https:\/\/www.assai.com.br\/adegaassai\/destilados-para-seu-negocio\/wp-content\/uploads\/2023\/09\/selecao-assai-1024x123.png 1024w, https:\/\/www.assai.com.br\/adegaassai\/destilados-para-seu-negocio\/wp-content\/uploads\/2023\/09\/selecao-assai-300x36.png 300w, https:\/\/www.assai.com.br\/adegaassai\/destilados-para-seu-negocio\/wp-content\/uploads\/2023\/09\/selecao-assai-768x92.png 768w, https:\/\/www.assai.com.br\/adegaassai\/destilados-para-seu-negocio\/wp-content\/uploads\/2023\/09\/selecao-assai-1536x184.png 1536w, https:\/\/www.assai.com.br\/adegaassai\/destilados-para-seu-negocio\/wp-content\/uploads\/2023\/09\/selecao-assai.png 1920w","medium_srcset":"https:\/\/www.assai.com.br\/adegaassai\/destilados-para-seu-negocio\/wp-content\/uploads\/2023\/09\/selecao-assai-300x36.png 300w, https:\/\/www.assai.com.br\/adegaassai\/destilados-para-seu-negocio\/wp-content\/uploads\/2023\/09\/selecao-assai-1024x123.png 1024w, https:\/\/www.assai.com.br\/adegaassai\/destilados-para-seu-negocio\/wp-content\/uploads\/2023\/09\/selecao-assai-768x92.png 768w, https:\/\/www.assai.com.br\/adegaassai\/destilados-para-seu-negocio\/wp-content\/uploads\/2023\/09\/selecao-assai-1536x184.png 1536w, https:\/\/www.assai.com.br\/adegaassai\/destilados-para-seu-negocio\/wp-content\/uploads\/2023\/09\/selecao-assai.png 1920w","media_details":{"width":1920,"height":230,"sizes":{"medium":{"file":"selecao-assai-300x36.png","width":300,"height":36,"mime-type":"image\/png","filesize":23592,"source_url":"https:\/\/www.assai.com.br\/adegaassai\/destilados-para-seu-negocio\/wp-content\/uploads\/2023\/09\/selecao-assai-300x36.png"},"large":{"file":"selecao-assai-1024x123.png","width":1024,"height":123,"mime-type":"image\/png","filesize":218432,"source_url":"https:\/\/www.assai.com.br\/adegaassai\/destilados-para-seu-negocio\/wp-content\/uploads\/2023\/09\/selecao-assai-1024x123.png"},"thumbnail":{"file":"selecao-assai-150x150.png","width":150,"height":150,"mime-type":"image\/png","filesize":33299,"source_url":"https:\/\/www.assai.com.br\/adegaassai\/destilados-para-seu-negocio\/wp-content\/uploads\/2023\/09\/selecao-assai-150x150.png"},"medium_large":{"file":"selecao-assai-768x92.png","width":768,"height":92,"mime-type":"image\/png","filesize":127462,"source_url":"https:\/\/www.assai.com.br\/adegaassai\/destilados-para-seu-negocio\/wp-content\/uploads\/2023\/09\/selecao-assai-768x92.png"},"1536x1536":{"file":"selecao-assai-1536x184.png","width":1536,"height":184,"mime-type":"image\/png","filesize":466607,"source_url":"https:\/\/www.assai.com.br\/adegaassai\/destilados-para-seu-negocio\/wp-content\/uploads\/2023\/09\/selecao-assai-1536x184.png"},"destaque-noticia":{"file":"selecao-assai-540x230.png","width":540,"height":230,"mime-type":"image\/png","filesize":220202,"source_url":"https:\/\/www.assai.com.br\/adegaassai\/destilados-para-seu-negocio\/wp-content\/uploads\/2023\/09\/selecao-assai-540x230.png"},"thumb-noticia":{"file":"selecao-assai-485x230.png","width":485,"height":230,"mime-type":"image\/png","filesize":196398,"source_url":"https:\/\/www.assai.com.br\/adegaassai\/destilados-para-seu-negocio\/wp-content\/uploads\/2023\/09\/selecao-assai-485x230.png"},"carrossel":{"file":"selecao-assai-670x230.png","width":670,"height":230,"mime-type":"image\/png","filesize":272870,"source_url":"https:\/\/www.assai.com.br\/adegaassai\/destilados-para-seu-negocio\/wp-content\/uploads\/2023\/09\/selecao-assai-670x230.png"},"quadrado":{"file":"selecao-assai-700x230.png","width":700,"height":230,"mime-type":"image\/png","filesize":286026,"source_url":"https:\/\/www.assai.com.br\/adegaassai\/destilados-para-seu-negocio\/wp-content\/uploads\/2023\/09\/selecao-assai-700x230.png"},"garrafa":{"file":"selecao-assai-76x230.png","width":76,"height":230,"mime-type":"image\/png","filesize":26781,"source_url":"https:\/\/www.assai.com.br\/adegaassai\/destilados-para-seu-negocio\/wp-content\/uploads\/2023\/09\/selecao-assai-76x230.png"}}},"alt_text":"","url":"","target":""}],[{"id":205,"title":"destilados","caption":"","full_image_url":"https:\/\/www.assai.com.br\/adegaassai\/destilados-para-seu-negocio\/wp-content\/uploads\/2023\/10\/destilados.jpg","thumbnail_image_url":"https:\/\/www.assai.com.br\/adegaassai\/destilados-para-seu-negocio\/wp-content\/uploads\/2023\/10\/destilados-150x150.jpg","large_srcset":"https:\/\/www.assai.com.br\/adegaassai\/destilados-para-seu-negocio\/wp-content\/uploads\/2023\/10\/destilados.jpg 700w, https:\/\/www.assai.com.br\/adegaassai\/destilados-para-seu-negocio\/wp-content\/uploads\/2023\/10\/destilados-300x171.jpg 300w","medium_srcset":"https:\/\/www.assai.com.br\/adegaassai\/destilados-para-seu-negocio\/wp-content\/uploads\/2023\/10\/destilados-300x171.jpg 300w, https:\/\/www.assai.com.br\/adegaassai\/destilados-para-seu-negocio\/wp-content\/uploads\/2023\/10\/destilados.jpg 700w","media_details":{"width":700,"height":400,"sizes":{"medium":{"file":"destilados-300x171.jpg","width":300,"height":171,"mime-type":"image\/jpeg","filesize":11558,"source_url":"https:\/\/www.assai.com.br\/adegaassai\/destilados-para-seu-negocio\/wp-content\/uploads\/2023\/10\/destilados-300x171.jpg"},"thumbnail":{"file":"destilados-150x150.jpg","width":150,"height":150,"mime-type":"image\/jpeg","filesize":5831,"source_url":"https:\/\/www.assai.com.br\/adegaassai\/destilados-para-seu-negocio\/wp-content\/uploads\/2023\/10\/destilados-150x150.jpg"},"destaque-noticia":{"file":"destilados-540x345.jpg","width":540,"height":345,"mime-type":"image\/jpeg","filesize":27671,"source_url":"https:\/\/www.assai.com.br\/adegaassai\/destilados-para-seu-negocio\/wp-content\/uploads\/2023\/10\/destilados-540x345.jpg"},"thumb-noticia":{"file":"destilados-485x329.jpg","width":485,"height":329,"mime-type":"image\/jpeg","filesize":24200,"source_url":"https:\/\/www.assai.com.br\/adegaassai\/destilados-para-seu-negocio\/wp-content\/uploads\/2023\/10\/destilados-485x329.jpg"},"carrossel":{"file":"destilados-670x400.jpg","width":670,"height":400,"mime-type":"image\/jpeg","filesize":39641,"source_url":"https:\/\/www.assai.com.br\/adegaassai\/destilados-para-seu-negocio\/wp-content\/uploads\/2023\/10\/destilados-670x400.jpg"},"garrafa":{"file":"destilados-76x300.jpg","width":76,"height":300,"mime-type":"image\/jpeg","filesize":4232,"source_url":"https:\/\/www.assai.com.br\/adegaassai\/destilados-para-seu-negocio\/wp-content\/uploads\/2023\/10\/destilados-76x300.jpg"}}},"alt_text":"","url":"","target":""}]]}},"_links":{"self":[{"href":"https:\/\/www.assai.com.br\/adegaassai\/destilados-para-seu-negocio\/wp-json\/wp\/v2\/pages\/70","targetHints":{"allow":["GET"]}}],"collection":[{"href":"https:\/\/www.assai.com.br\/adegaassai\/destilados-para-seu-negocio\/wp-json\/wp\/v2\/pages"}],"about":[{"href":"https:\/\/www.assai.com.br\/adegaassai\/destilados-para-seu-negocio\/wp-json\/wp\/v2\/types\/page"}],"author":[{"embeddable":true,"href":"https:\/\/www.assai.com.br\/adegaassai\/destilados-para-seu-negocio\/wp-json\/wp\/v2\/users\/1"}],"replies":[{"embeddable":true,"href":"https:\/\/www.assai.com.br\/adegaassai\/destilados-para-seu-negocio\/wp-json\/wp\/v2\/comments?post=70"}],"version-history":[{"count":4,"href":"https:\/\/www.assai.com.br\/adegaassai\/destilados-para-seu-negocio\/wp-json\/wp\/v2\/pages\/70\/revisions"}],"predecessor-version":[{"id":230,"href":"https:\/\/www.assai.com.br\/adegaassai\/destilados-para-seu-negocio\/wp-json\/wp\/v2\/pages\/70\/revisions\/230"}],"wp:attachment":[{"href":"https:\/\/www.assai.com.br\/adegaassai\/destilados-para-seu-negocio\/wp-json\/wp\/v2\/media?parent=70"}],"curies":[{"name":"wp","href":"https:\/\/api.w.org\/{rel}","templated":true}]}}