{"id":162,"date":"2023-10-05T15:22:58","date_gmt":"2023-10-05T18:22:58","guid":{"rendered":"https:\/\/assai.com.br\/adegaassai\/cervejas-para-voce\/?page_id=162"},"modified":"2024-07-12T13:44:55","modified_gmt":"2024-07-12T16:44:55","slug":"harmonizacao","status":"publish","type":"page","link":"https:\/\/www.assai.com.br\/adegaassai\/cervejas-para-voce\/harmonizacao\/","title":{"rendered":"Harmoniza\u00e7\u00e3o"},"content":{"rendered":"<h2>Como harmonizar v\u00e1rios tipos de pratos<\/h2>\n","protected":false},"excerpt":{"rendered":"<p>Como harmonizar v\u00e1rios tipos de pratos<\/p>\n","protected":false},"author":1,"featured_media":0,"parent":0,"menu_order":0,"comment_status":"closed","ping_status":"closed","template":"page-harmonizacao.php","meta":{"_acf_changed":false,"footnotes":""},"class_list":["post-162","page","type-page","status-publish","hentry"],"acf":{"photo_gallery":{"banners_desktop":[[{"id":164,"title":"harmoniza\u00e7\u00e3o","caption":"","full_image_url":"https:\/\/www.assai.com.br\/adegaassai\/cervejas-para-voce\/wp-content\/uploads\/2023\/10\/harmonizacao.png","thumbnail_image_url":"https:\/\/www.assai.com.br\/adegaassai\/cervejas-para-voce\/wp-content\/uploads\/2023\/10\/harmonizacao-150x150.png","large_srcset":"https:\/\/www.assai.com.br\/adegaassai\/cervejas-para-voce\/wp-content\/uploads\/2023\/10\/harmonizacao-1024x123.png 1024w, https:\/\/www.assai.com.br\/adegaassai\/cervejas-para-voce\/wp-content\/uploads\/2023\/10\/harmonizacao-300x36.png 300w, https:\/\/www.assai.com.br\/adegaassai\/cervejas-para-voce\/wp-content\/uploads\/2023\/10\/harmonizacao-768x92.png 768w, https:\/\/www.assai.com.br\/adegaassai\/cervejas-para-voce\/wp-content\/uploads\/2023\/10\/harmonizacao-1536x184.png 1536w, https:\/\/www.assai.com.br\/adegaassai\/cervejas-para-voce\/wp-content\/uploads\/2023\/10\/harmonizacao.png 1920w","medium_srcset":"https:\/\/www.assai.com.br\/adegaassai\/cervejas-para-voce\/wp-content\/uploads\/2023\/10\/harmonizacao-300x36.png 300w, https:\/\/www.assai.com.br\/adegaassai\/cervejas-para-voce\/wp-content\/uploads\/2023\/10\/harmonizacao-1024x123.png 1024w, https:\/\/www.assai.com.br\/adegaassai\/cervejas-para-voce\/wp-content\/uploads\/2023\/10\/harmonizacao-768x92.png 768w, https:\/\/www.assai.com.br\/adegaassai\/cervejas-para-voce\/wp-content\/uploads\/2023\/10\/harmonizacao-1536x184.png 1536w, https:\/\/www.assai.com.br\/adegaassai\/cervejas-para-voce\/wp-content\/uploads\/2023\/10\/harmonizacao.png 1920w","media_details":{"width":1920,"height":230,"sizes":{"medium":{"file":"harmonizacao-300x36.png","width":300,"height":36,"mime-type":"image\/png","filesize":23140,"source_url":"https:\/\/www.assai.com.br\/adegaassai\/cervejas-para-voce\/wp-content\/uploads\/2023\/10\/harmonizacao-300x36.png"},"large":{"file":"harmonizacao-1024x123.png","width":1024,"height":123,"mime-type":"image\/png","filesize":210573,"source_url":"https:\/\/www.assai.com.br\/adegaassai\/cervejas-para-voce\/wp-content\/uploads\/2023\/10\/harmonizacao-1024x123.png"},"thumbnail":{"file":"harmonizacao-150x150.png","width":150,"height":150,"mime-type":"image\/png","filesize":34717,"source_url":"https:\/\/www.assai.com.br\/adegaassai\/cervejas-para-voce\/wp-content\/uploads\/2023\/10\/harmonizacao-150x150.png"},"medium_large":{"file":"harmonizacao-768x92.png","width":768,"height":92,"mime-type":"image\/png","filesize":122419,"source_url":"https:\/\/www.assai.com.br\/adegaassai\/cervejas-para-voce\/wp-content\/uploads\/2023\/10\/harmonizacao-768x92.png"},"1536x1536":{"file":"harmonizacao-1536x184.png","width":1536,"height":184,"mime-type":"image\/png","filesize":452293,"source_url":"https:\/\/www.assai.com.br\/adegaassai\/cervejas-para-voce\/wp-content\/uploads\/2023\/10\/harmonizacao-1536x184.png"},"destaque-noticia":{"file":"harmonizacao-540x230.png","width":540,"height":230,"mime-type":"image\/png","filesize":214102,"source_url":"https:\/\/www.assai.com.br\/adegaassai\/cervejas-para-voce\/wp-content\/uploads\/2023\/10\/harmonizacao-540x230.png"},"thumb-noticia":{"file":"harmonizacao-485x230.png","width":485,"height":230,"mime-type":"image\/png","filesize":191814,"source_url":"https:\/\/www.assai.com.br\/adegaassai\/cervejas-para-voce\/wp-content\/uploads\/2023\/10\/harmonizacao-485x230.png"},"carrossel":{"file":"harmonizacao-670x230.png","width":670,"height":230,"mime-type":"image\/png","filesize":263571,"source_url":"https:\/\/www.assai.com.br\/adegaassai\/cervejas-para-voce\/wp-content\/uploads\/2023\/10\/harmonizacao-670x230.png"},"quadrado":{"file":"harmonizacao-700x230.png","width":700,"height":230,"mime-type":"image\/png","filesize":274985,"source_url":"https:\/\/www.assai.com.br\/adegaassai\/cervejas-para-voce\/wp-content\/uploads\/2023\/10\/harmonizacao-700x230.png"},"garrafa":{"file":"harmonizacao-76x230.png","width":76,"height":230,"mime-type":"image\/png","filesize":26759,"source_url":"https:\/\/www.assai.com.br\/adegaassai\/cervejas-para-voce\/wp-content\/uploads\/2023\/10\/harmonizacao-76x230.png"}}},"alt_text":"","url":"","target":""}]],"banners_mobile":[[{"id":164,"title":"harmoniza\u00e7\u00e3o","caption":"","full_image_url":"https:\/\/www.assai.com.br\/adegaassai\/cervejas-para-voce\/wp-content\/uploads\/2023\/10\/harmonizacao.png","thumbnail_image_url":"https:\/\/www.assai.com.br\/adegaassai\/cervejas-para-voce\/wp-content\/uploads\/2023\/10\/harmonizacao-150x150.png","large_srcset":"https:\/\/www.assai.com.br\/adegaassai\/cervejas-para-voce\/wp-content\/uploads\/2023\/10\/harmonizacao-1024x123.png 1024w, https:\/\/www.assai.com.br\/adegaassai\/cervejas-para-voce\/wp-content\/uploads\/2023\/10\/harmonizacao-300x36.png 300w, https:\/\/www.assai.com.br\/adegaassai\/cervejas-para-voce\/wp-content\/uploads\/2023\/10\/harmonizacao-768x92.png 768w, https:\/\/www.assai.com.br\/adegaassai\/cervejas-para-voce\/wp-content\/uploads\/2023\/10\/harmonizacao-1536x184.png 1536w, https:\/\/www.assai.com.br\/adegaassai\/cervejas-para-voce\/wp-content\/uploads\/2023\/10\/harmonizacao.png 1920w","medium_srcset":"https:\/\/www.assai.com.br\/adegaassai\/cervejas-para-voce\/wp-content\/uploads\/2023\/10\/harmonizacao-300x36.png 300w, https:\/\/www.assai.com.br\/adegaassai\/cervejas-para-voce\/wp-content\/uploads\/2023\/10\/harmonizacao-1024x123.png 1024w, https:\/\/www.assai.com.br\/adegaassai\/cervejas-para-voce\/wp-content\/uploads\/2023\/10\/harmonizacao-768x92.png 768w, https:\/\/www.assai.com.br\/adegaassai\/cervejas-para-voce\/wp-content\/uploads\/2023\/10\/harmonizacao-1536x184.png 1536w, https:\/\/www.assai.com.br\/adegaassai\/cervejas-para-voce\/wp-content\/uploads\/2023\/10\/harmonizacao.png 1920w","media_details":{"width":1920,"height":230,"sizes":{"medium":{"file":"harmonizacao-300x36.png","width":300,"height":36,"mime-type":"image\/png","filesize":23140,"source_url":"https:\/\/www.assai.com.br\/adegaassai\/cervejas-para-voce\/wp-content\/uploads\/2023\/10\/harmonizacao-300x36.png"},"large":{"file":"harmonizacao-1024x123.png","width":1024,"height":123,"mime-type":"image\/png","filesize":210573,"source_url":"https:\/\/www.assai.com.br\/adegaassai\/cervejas-para-voce\/wp-content\/uploads\/2023\/10\/harmonizacao-1024x123.png"},"thumbnail":{"file":"harmonizacao-150x150.png","width":150,"height":150,"mime-type":"image\/png","filesize":34717,"source_url":"https:\/\/www.assai.com.br\/adegaassai\/cervejas-para-voce\/wp-content\/uploads\/2023\/10\/harmonizacao-150x150.png"},"medium_large":{"file":"harmonizacao-768x92.png","width":768,"height":92,"mime-type":"image\/png","filesize":122419,"source_url":"https:\/\/www.assai.com.br\/adegaassai\/cervejas-para-voce\/wp-content\/uploads\/2023\/10\/harmonizacao-768x92.png"},"1536x1536":{"file":"harmonizacao-1536x184.png","width":1536,"height":184,"mime-type":"image\/png","filesize":452293,"source_url":"https:\/\/www.assai.com.br\/adegaassai\/cervejas-para-voce\/wp-content\/uploads\/2023\/10\/harmonizacao-1536x184.png"},"destaque-noticia":{"file":"harmonizacao-540x230.png","width":540,"height":230,"mime-type":"image\/png","filesize":214102,"source_url":"https:\/\/www.assai.com.br\/adegaassai\/cervejas-para-voce\/wp-content\/uploads\/2023\/10\/harmonizacao-540x230.png"},"thumb-noticia":{"file":"harmonizacao-485x230.png","width":485,"height":230,"mime-type":"image\/png","filesize":191814,"source_url":"https:\/\/www.assai.com.br\/adegaassai\/cervejas-para-voce\/wp-content\/uploads\/2023\/10\/harmonizacao-485x230.png"},"carrossel":{"file":"harmonizacao-670x230.png","width":670,"height":230,"mime-type":"image\/png","filesize":263571,"source_url":"https:\/\/www.assai.com.br\/adegaassai\/cervejas-para-voce\/wp-content\/uploads\/2023\/10\/harmonizacao-670x230.png"},"quadrado":{"file":"harmonizacao-700x230.png","width":700,"height":230,"mime-type":"image\/png","filesize":274985,"source_url":"https:\/\/www.assai.com.br\/adegaassai\/cervejas-para-voce\/wp-content\/uploads\/2023\/10\/harmonizacao-700x230.png"},"garrafa":{"file":"harmonizacao-76x230.png","width":76,"height":230,"mime-type":"image\/png","filesize":26759,"source_url":"https:\/\/www.assai.com.br\/adegaassai\/cervejas-para-voce\/wp-content\/uploads\/2023\/10\/harmonizacao-76x230.png"}}},"alt_text":"","url":"","target":""}],[{"id":168,"title":"cerveja","caption":"","full_image_url":"https:\/\/www.assai.com.br\/adegaassai\/cervejas-para-voce\/wp-content\/uploads\/2023\/10\/cerveja.jpg","thumbnail_image_url":"https:\/\/www.assai.com.br\/adegaassai\/cervejas-para-voce\/wp-content\/uploads\/2023\/10\/cerveja-150x150.jpg","large_srcset":"https:\/\/www.assai.com.br\/adegaassai\/cervejas-para-voce\/wp-content\/uploads\/2023\/10\/cerveja.jpg 700w, https:\/\/www.assai.com.br\/adegaassai\/cervejas-para-voce\/wp-content\/uploads\/2023\/10\/cerveja-300x171.jpg 300w","medium_srcset":"https:\/\/www.assai.com.br\/adegaassai\/cervejas-para-voce\/wp-content\/uploads\/2023\/10\/cerveja-300x171.jpg 300w, https:\/\/www.assai.com.br\/adegaassai\/cervejas-para-voce\/wp-content\/uploads\/2023\/10\/cerveja.jpg 700w","media_details":{"width":700,"height":400,"sizes":{"medium":{"file":"cerveja-300x171.jpg","width":300,"height":171,"mime-type":"image\/jpeg","filesize":18411,"source_url":"https:\/\/www.assai.com.br\/adegaassai\/cervejas-para-voce\/wp-content\/uploads\/2023\/10\/cerveja-300x171.jpg"},"thumbnail":{"file":"cerveja-150x150.jpg","width":150,"height":150,"mime-type":"image\/jpeg","filesize":8683,"source_url":"https:\/\/www.assai.com.br\/adegaassai\/cervejas-para-voce\/wp-content\/uploads\/2023\/10\/cerveja-150x150.jpg"},"destaque-noticia":{"file":"cerveja-540x345.jpg","width":540,"height":345,"mime-type":"image\/jpeg","filesize":55324,"source_url":"https:\/\/www.assai.com.br\/adegaassai\/cervejas-para-voce\/wp-content\/uploads\/2023\/10\/cerveja-540x345.jpg"},"thumb-noticia":{"file":"cerveja-485x329.jpg","width":485,"height":329,"mime-type":"image\/jpeg","filesize":48270,"source_url":"https:\/\/www.assai.com.br\/adegaassai\/cervejas-para-voce\/wp-content\/uploads\/2023\/10\/cerveja-485x329.jpg"},"carrossel":{"file":"cerveja-670x400.jpg","width":670,"height":400,"mime-type":"image\/jpeg","filesize":86308,"source_url":"https:\/\/www.assai.com.br\/adegaassai\/cervejas-para-voce\/wp-content\/uploads\/2023\/10\/cerveja-670x400.jpg"},"garrafa":{"file":"cerveja-76x300.jpg","width":76,"height":300,"mime-type":"image\/jpeg","filesize":7043,"source_url":"https:\/\/www.assai.com.br\/adegaassai\/cervejas-para-voce\/wp-content\/uploads\/2023\/10\/cerveja-76x300.jpg"}}},"alt_text":"","url":"","target":""}]]}},"_links":{"self":[{"href":"https:\/\/www.assai.com.br\/adegaassai\/cervejas-para-voce\/wp-json\/wp\/v2\/pages\/162","targetHints":{"allow":["GET"]}}],"collection":[{"href":"https:\/\/www.assai.com.br\/adegaassai\/cervejas-para-voce\/wp-json\/wp\/v2\/pages"}],"about":[{"href":"https:\/\/www.assai.com.br\/adegaassai\/cervejas-para-voce\/wp-json\/wp\/v2\/types\/page"}],"author":[{"embeddable":true,"href":"https:\/\/www.assai.com.br\/adegaassai\/cervejas-para-voce\/wp-json\/wp\/v2\/users\/1"}],"replies":[{"embeddable":true,"href":"https:\/\/www.assai.com.br\/adegaassai\/cervejas-para-voce\/wp-json\/wp\/v2\/comments?post=162"}],"version-history":[{"count":5,"href":"https:\/\/www.assai.com.br\/adegaassai\/cervejas-para-voce\/wp-json\/wp\/v2\/pages\/162\/revisions"}],"predecessor-version":[{"id":425,"href":"https:\/\/www.assai.com.br\/adegaassai\/cervejas-para-voce\/wp-json\/wp\/v2\/pages\/162\/revisions\/425"}],"wp:attachment":[{"href":"https:\/\/www.assai.com.br\/adegaassai\/cervejas-para-voce\/wp-json\/wp\/v2\/media?parent=162"}],"curies":[{"name":"wp","href":"https:\/\/api.w.org\/{rel}","templated":true}]}}