{"id":122,"date":"2023-09-20T17:31:21","date_gmt":"2023-09-20T20:31:21","guid":{"rendered":"https:\/\/assai.com.br\/adegaassai\/cervejas-para-seu-negocio\/destilados-para-seu-negocio\/?page_id=70"},"modified":"2023-10-30T17:58:53","modified_gmt":"2023-10-30T20:58:53","slug":"selecao-assai","status":"publish","type":"page","link":"https:\/\/www.assai.com.br\/adegaassai\/cervejas-para-seu-negocio\/selecao-assai\/","title":{"rendered":"Sele\u00e7\u00e3o Assa\u00ed"},"content":{"rendered":"<h2>Uma curadoria dos melhores r\u00f3tulos feita pelo time de especialistas do Assa\u00ed<\/h2>\n","protected":false},"excerpt":{"rendered":"<p>Uma curadoria dos melhores r\u00f3tulos feita pelo time de especialistas do Assa\u00ed<\/p>\n","protected":false},"author":1,"featured_media":0,"parent":0,"menu_order":0,"comment_status":"closed","ping_status":"closed","template":"page-selecao.php","meta":{"_acf_changed":false,"footnotes":""},"class_list":["post-122","page","type-page","status-publish","hentry"],"acf":{"photo_gallery":{"banners_desktop":[[{"id":170,"title":"selecao assai","caption":"","full_image_url":"https:\/\/www.assai.com.br\/adegaassai\/cervejas-para-seu-negocio\/wp-content\/uploads\/2023\/09\/selecao-assai.png","thumbnail_image_url":"https:\/\/www.assai.com.br\/adegaassai\/cervejas-para-seu-negocio\/wp-content\/uploads\/2023\/09\/selecao-assai-150x150.png","large_srcset":"https:\/\/www.assai.com.br\/adegaassai\/cervejas-para-seu-negocio\/wp-content\/uploads\/2023\/09\/selecao-assai-1024x123.png 1024w, https:\/\/www.assai.com.br\/adegaassai\/cervejas-para-seu-negocio\/wp-content\/uploads\/2023\/09\/selecao-assai-300x36.png 300w, https:\/\/www.assai.com.br\/adegaassai\/cervejas-para-seu-negocio\/wp-content\/uploads\/2023\/09\/selecao-assai-768x92.png 768w, https:\/\/www.assai.com.br\/adegaassai\/cervejas-para-seu-negocio\/wp-content\/uploads\/2023\/09\/selecao-assai-1536x184.png 1536w, https:\/\/www.assai.com.br\/adegaassai\/cervejas-para-seu-negocio\/wp-content\/uploads\/2023\/09\/selecao-assai.png 1920w","medium_srcset":"https:\/\/www.assai.com.br\/adegaassai\/cervejas-para-seu-negocio\/wp-content\/uploads\/2023\/09\/selecao-assai-300x36.png 300w, https:\/\/www.assai.com.br\/adegaassai\/cervejas-para-seu-negocio\/wp-content\/uploads\/2023\/09\/selecao-assai-1024x123.png 1024w, https:\/\/www.assai.com.br\/adegaassai\/cervejas-para-seu-negocio\/wp-content\/uploads\/2023\/09\/selecao-assai-768x92.png 768w, https:\/\/www.assai.com.br\/adegaassai\/cervejas-para-seu-negocio\/wp-content\/uploads\/2023\/09\/selecao-assai-1536x184.png 1536w, https:\/\/www.assai.com.br\/adegaassai\/cervejas-para-seu-negocio\/wp-content\/uploads\/2023\/09\/selecao-assai.png 1920w","media_details":{"width":1920,"height":230,"sizes":{"medium":{"file":"selecao-assai-300x36.png","width":300,"height":36,"mime-type":"image\/png","filesize":24264,"source_url":"https:\/\/www.assai.com.br\/adegaassai\/cervejas-para-seu-negocio\/wp-content\/uploads\/2023\/09\/selecao-assai-300x36.png"},"large":{"file":"selecao-assai-1024x123.png","width":1024,"height":123,"mime-type":"image\/png","filesize":239364,"source_url":"https:\/\/www.assai.com.br\/adegaassai\/cervejas-para-seu-negocio\/wp-content\/uploads\/2023\/09\/selecao-assai-1024x123.png"},"thumbnail":{"file":"selecao-assai-150x150.png","width":150,"height":150,"mime-type":"image\/png","filesize":33511,"source_url":"https:\/\/www.assai.com.br\/adegaassai\/cervejas-para-seu-negocio\/wp-content\/uploads\/2023\/09\/selecao-assai-150x150.png"},"medium_large":{"file":"selecao-assai-768x92.png","width":768,"height":92,"mime-type":"image\/png","filesize":137798,"source_url":"https:\/\/www.assai.com.br\/adegaassai\/cervejas-para-seu-negocio\/wp-content\/uploads\/2023\/09\/selecao-assai-768x92.png"},"1536x1536":{"file":"selecao-assai-1536x184.png","width":1536,"height":184,"mime-type":"image\/png","filesize":516112,"source_url":"https:\/\/www.assai.com.br\/adegaassai\/cervejas-para-seu-negocio\/wp-content\/uploads\/2023\/09\/selecao-assai-1536x184.png"},"destaque-noticia":{"file":"selecao-assai-540x230.png","width":540,"height":230,"mime-type":"image\/png","filesize":248771,"source_url":"https:\/\/www.assai.com.br\/adegaassai\/cervejas-para-seu-negocio\/wp-content\/uploads\/2023\/09\/selecao-assai-540x230.png"},"thumb-noticia":{"file":"selecao-assai-485x230.png","width":485,"height":230,"mime-type":"image\/png","filesize":220168,"source_url":"https:\/\/www.assai.com.br\/adegaassai\/cervejas-para-seu-negocio\/wp-content\/uploads\/2023\/09\/selecao-assai-485x230.png"},"carrossel":{"file":"selecao-assai-670x230.png","width":670,"height":230,"mime-type":"image\/png","filesize":307270,"source_url":"https:\/\/www.assai.com.br\/adegaassai\/cervejas-para-seu-negocio\/wp-content\/uploads\/2023\/09\/selecao-assai-670x230.png"},"quadrado":{"file":"selecao-assai-700x230.png","width":700,"height":230,"mime-type":"image\/png","filesize":320051,"source_url":"https:\/\/www.assai.com.br\/adegaassai\/cervejas-para-seu-negocio\/wp-content\/uploads\/2023\/09\/selecao-assai-700x230.png"},"garrafa":{"file":"selecao-assai-76x230.png","width":76,"height":230,"mime-type":"image\/png","filesize":26768,"source_url":"https:\/\/www.assai.com.br\/adegaassai\/cervejas-para-seu-negocio\/wp-content\/uploads\/2023\/09\/selecao-assai-76x230.png"}}},"alt_text":"","url":"","target":""}]],"banners_mobile":[[{"id":170,"title":"selecao assai","caption":"","full_image_url":"https:\/\/www.assai.com.br\/adegaassai\/cervejas-para-seu-negocio\/wp-content\/uploads\/2023\/09\/selecao-assai.png","thumbnail_image_url":"https:\/\/www.assai.com.br\/adegaassai\/cervejas-para-seu-negocio\/wp-content\/uploads\/2023\/09\/selecao-assai-150x150.png","large_srcset":"https:\/\/www.assai.com.br\/adegaassai\/cervejas-para-seu-negocio\/wp-content\/uploads\/2023\/09\/selecao-assai-1024x123.png 1024w, https:\/\/www.assai.com.br\/adegaassai\/cervejas-para-seu-negocio\/wp-content\/uploads\/2023\/09\/selecao-assai-300x36.png 300w, https:\/\/www.assai.com.br\/adegaassai\/cervejas-para-seu-negocio\/wp-content\/uploads\/2023\/09\/selecao-assai-768x92.png 768w, https:\/\/www.assai.com.br\/adegaassai\/cervejas-para-seu-negocio\/wp-content\/uploads\/2023\/09\/selecao-assai-1536x184.png 1536w, https:\/\/www.assai.com.br\/adegaassai\/cervejas-para-seu-negocio\/wp-content\/uploads\/2023\/09\/selecao-assai.png 1920w","medium_srcset":"https:\/\/www.assai.com.br\/adegaassai\/cervejas-para-seu-negocio\/wp-content\/uploads\/2023\/09\/selecao-assai-300x36.png 300w, https:\/\/www.assai.com.br\/adegaassai\/cervejas-para-seu-negocio\/wp-content\/uploads\/2023\/09\/selecao-assai-1024x123.png 1024w, https:\/\/www.assai.com.br\/adegaassai\/cervejas-para-seu-negocio\/wp-content\/uploads\/2023\/09\/selecao-assai-768x92.png 768w, https:\/\/www.assai.com.br\/adegaassai\/cervejas-para-seu-negocio\/wp-content\/uploads\/2023\/09\/selecao-assai-1536x184.png 1536w, https:\/\/www.assai.com.br\/adegaassai\/cervejas-para-seu-negocio\/wp-content\/uploads\/2023\/09\/selecao-assai.png 1920w","media_details":{"width":1920,"height":230,"sizes":{"medium":{"file":"selecao-assai-300x36.png","width":300,"height":36,"mime-type":"image\/png","filesize":24264,"source_url":"https:\/\/www.assai.com.br\/adegaassai\/cervejas-para-seu-negocio\/wp-content\/uploads\/2023\/09\/selecao-assai-300x36.png"},"large":{"file":"selecao-assai-1024x123.png","width":1024,"height":123,"mime-type":"image\/png","filesize":239364,"source_url":"https:\/\/www.assai.com.br\/adegaassai\/cervejas-para-seu-negocio\/wp-content\/uploads\/2023\/09\/selecao-assai-1024x123.png"},"thumbnail":{"file":"selecao-assai-150x150.png","width":150,"height":150,"mime-type":"image\/png","filesize":33511,"source_url":"https:\/\/www.assai.com.br\/adegaassai\/cervejas-para-seu-negocio\/wp-content\/uploads\/2023\/09\/selecao-assai-150x150.png"},"medium_large":{"file":"selecao-assai-768x92.png","width":768,"height":92,"mime-type":"image\/png","filesize":137798,"source_url":"https:\/\/www.assai.com.br\/adegaassai\/cervejas-para-seu-negocio\/wp-content\/uploads\/2023\/09\/selecao-assai-768x92.png"},"1536x1536":{"file":"selecao-assai-1536x184.png","width":1536,"height":184,"mime-type":"image\/png","filesize":516112,"source_url":"https:\/\/www.assai.com.br\/adegaassai\/cervejas-para-seu-negocio\/wp-content\/uploads\/2023\/09\/selecao-assai-1536x184.png"},"destaque-noticia":{"file":"selecao-assai-540x230.png","width":540,"height":230,"mime-type":"image\/png","filesize":248771,"source_url":"https:\/\/www.assai.com.br\/adegaassai\/cervejas-para-seu-negocio\/wp-content\/uploads\/2023\/09\/selecao-assai-540x230.png"},"thumb-noticia":{"file":"selecao-assai-485x230.png","width":485,"height":230,"mime-type":"image\/png","filesize":220168,"source_url":"https:\/\/www.assai.com.br\/adegaassai\/cervejas-para-seu-negocio\/wp-content\/uploads\/2023\/09\/selecao-assai-485x230.png"},"carrossel":{"file":"selecao-assai-670x230.png","width":670,"height":230,"mime-type":"image\/png","filesize":307270,"source_url":"https:\/\/www.assai.com.br\/adegaassai\/cervejas-para-seu-negocio\/wp-content\/uploads\/2023\/09\/selecao-assai-670x230.png"},"quadrado":{"file":"selecao-assai-700x230.png","width":700,"height":230,"mime-type":"image\/png","filesize":320051,"source_url":"https:\/\/www.assai.com.br\/adegaassai\/cervejas-para-seu-negocio\/wp-content\/uploads\/2023\/09\/selecao-assai-700x230.png"},"garrafa":{"file":"selecao-assai-76x230.png","width":76,"height":230,"mime-type":"image\/png","filesize":26768,"source_url":"https:\/\/www.assai.com.br\/adegaassai\/cervejas-para-seu-negocio\/wp-content\/uploads\/2023\/09\/selecao-assai-76x230.png"}}},"alt_text":"","url":"","target":""}],[{"id":245,"title":"cerveja","caption":"","full_image_url":"https:\/\/www.assai.com.br\/adegaassai\/cervejas-para-seu-negocio\/wp-content\/uploads\/2023\/10\/cerveja.jpg","thumbnail_image_url":"https:\/\/www.assai.com.br\/adegaassai\/cervejas-para-seu-negocio\/wp-content\/uploads\/2023\/10\/cerveja-150x150.jpg","large_srcset":"https:\/\/www.assai.com.br\/adegaassai\/cervejas-para-seu-negocio\/wp-content\/uploads\/2023\/10\/cerveja.jpg 700w, https:\/\/www.assai.com.br\/adegaassai\/cervejas-para-seu-negocio\/wp-content\/uploads\/2023\/10\/cerveja-300x171.jpg 300w","medium_srcset":"https:\/\/www.assai.com.br\/adegaassai\/cervejas-para-seu-negocio\/wp-content\/uploads\/2023\/10\/cerveja-300x171.jpg 300w, https:\/\/www.assai.com.br\/adegaassai\/cervejas-para-seu-negocio\/wp-content\/uploads\/2023\/10\/cerveja.jpg 700w","media_details":{"width":700,"height":400,"sizes":{"medium":{"file":"cerveja-300x171.jpg","width":300,"height":171,"mime-type":"image\/jpeg","filesize":18411,"source_url":"https:\/\/www.assai.com.br\/adegaassai\/cervejas-para-seu-negocio\/wp-content\/uploads\/2023\/10\/cerveja-300x171.jpg"},"thumbnail":{"file":"cerveja-150x150.jpg","width":150,"height":150,"mime-type":"image\/jpeg","filesize":8683,"source_url":"https:\/\/www.assai.com.br\/adegaassai\/cervejas-para-seu-negocio\/wp-content\/uploads\/2023\/10\/cerveja-150x150.jpg"},"destaque-noticia":{"file":"cerveja-540x345.jpg","width":540,"height":345,"mime-type":"image\/jpeg","filesize":55324,"source_url":"https:\/\/www.assai.com.br\/adegaassai\/cervejas-para-seu-negocio\/wp-content\/uploads\/2023\/10\/cerveja-540x345.jpg"},"thumb-noticia":{"file":"cerveja-485x329.jpg","width":485,"height":329,"mime-type":"image\/jpeg","filesize":48270,"source_url":"https:\/\/www.assai.com.br\/adegaassai\/cervejas-para-seu-negocio\/wp-content\/uploads\/2023\/10\/cerveja-485x329.jpg"},"carrossel":{"file":"cerveja-670x400.jpg","width":670,"height":400,"mime-type":"image\/jpeg","filesize":86308,"source_url":"https:\/\/www.assai.com.br\/adegaassai\/cervejas-para-seu-negocio\/wp-content\/uploads\/2023\/10\/cerveja-670x400.jpg"},"garrafa":{"file":"cerveja-76x300.jpg","width":76,"height":300,"mime-type":"image\/jpeg","filesize":7043,"source_url":"https:\/\/www.assai.com.br\/adegaassai\/cervejas-para-seu-negocio\/wp-content\/uploads\/2023\/10\/cerveja-76x300.jpg"}}},"alt_text":"","url":"","target":""}]]}},"_links":{"self":[{"href":"https:\/\/www.assai.com.br\/adegaassai\/cervejas-para-seu-negocio\/wp-json\/wp\/v2\/pages\/122","targetHints":{"allow":["GET"]}}],"collection":[{"href":"https:\/\/www.assai.com.br\/adegaassai\/cervejas-para-seu-negocio\/wp-json\/wp\/v2\/pages"}],"about":[{"href":"https:\/\/www.assai.com.br\/adegaassai\/cervejas-para-seu-negocio\/wp-json\/wp\/v2\/types\/page"}],"author":[{"embeddable":true,"href":"https:\/\/www.assai.com.br\/adegaassai\/cervejas-para-seu-negocio\/wp-json\/wp\/v2\/users\/1"}],"replies":[{"embeddable":true,"href":"https:\/\/www.assai.com.br\/adegaassai\/cervejas-para-seu-negocio\/wp-json\/wp\/v2\/comments?post=122"}],"version-history":[{"count":3,"href":"https:\/\/www.assai.com.br\/adegaassai\/cervejas-para-seu-negocio\/wp-json\/wp\/v2\/pages\/122\/revisions"}],"predecessor-version":[{"id":342,"href":"https:\/\/www.assai.com.br\/adegaassai\/cervejas-para-seu-negocio\/wp-json\/wp\/v2\/pages\/122\/revisions\/342"}],"wp:attachment":[{"href":"https:\/\/www.assai.com.br\/adegaassai\/cervejas-para-seu-negocio\/wp-json\/wp\/v2\/media?parent=122"}],"curies":[{"name":"wp","href":"https:\/\/api.w.org\/{rel}","templated":true}]}}